{"id":3099,"date":"2025-01-29T20:58:15","date_gmt":"2025-01-29T20:58:15","guid":{"rendered":"https:\/\/renoliquidation.com\/ontario\/?page_id=3099"},"modified":"2025-01-30T20:16:03","modified_gmt":"2025-01-30T20:16:03","slug":"a-propos-de-nous","status":"publish","type":"page","link":"https:\/\/renoliquidation.com\/ontario\/fr\/a-propos-de-nous\/","title":{"rendered":"\u00c0 propos de Reno Liquidation Ontario"},"content":{"rendered":"<section class=\"gb-container gb-container-b462cc64\">\n<div class=\"gb-container gb-container-40797388\">\n<div class=\"gb-container gb-container-bd42ec60\">\n\n<div class=\"wp-block-superblockslider-slider superblockslider\" style=\"height:50vh;width:100%\" data-transition-duration=\".6s\" data-animation=\"cubic-bezier(0.46, 0.03, 0.52, 0.96)\" data-transition-effect=\"fade\" data-autoplay-interval=\"3s\" data-slide-navigation=\"none\" data-arrow-navigation=\"false\"><div class=\"superblockslider__window\"><div class=\"superblockslider__track\">\n<div class=\"wp-block-superblockslider-slide superblockslider__slide superblockslider__slide--active is-vertical-center\" data-slide-index=\"0\" style=\"transition-duration:.6s;transition-timing-function:cubic-bezier(0.46, 0.03, 0.52, 0.96)\"><div class=\"superblockslider__slide__bg\"><img fetchpriority=\"high\" decoding=\"async\" class=\"image--xl visible--xl visible--sm visible--md visible--lg\" src=\"https:\/\/renoliquidation.com\/ontario\/wp-content\/uploads\/2025\/01\/slider1.jpg\" width=\"1915\" height=\"822\" title=\"slider1\" alt=\"\" loading=\"eager\" srcset=\"https:\/\/renoliquidation.com\/ontario\/wp-content\/uploads\/2025\/01\/slider1-150x150.jpg 150w,https:\/\/renoliquidation.com\/ontario\/wp-content\/uploads\/2025\/01\/slider1-300x129.jpg 300w,https:\/\/renoliquidation.com\/ontario\/wp-content\/uploads\/2025\/01\/slider1-1024x440.jpg 1024w,https:\/\/renoliquidation.com\/ontario\/wp-content\/uploads\/2025\/01\/slider1.jpg 1915w,\" sizes=\"(max-width: 1915px) 100vw, 1915px\" style=\"object-fit:cover;object-position:50% 49%\"\/><\/div><div class=\"superblockslider__slide__overlay\" style=\"background-color:var(--contrast);opacity:0\"><\/div><div class=\"superblockslider__slide_inner\"><div class=\"inner-blocks\" style=\"overflow:hidden\"><\/div><\/div><a class=\"superblockslider__slide__link\" href=\"#\" target=\"_new\" rel=\"noopener\"><\/a><\/div>\n\n\n\n<div class=\"wp-block-superblockslider-slide superblockslider__slide is-vertical-center\" data-slide-index=\"1\" style=\"transition-duration:.6s;transition-timing-function:cubic-bezier(0.46, 0.03, 0.52, 0.96)\"><div class=\"superblockslider__slide__bg\"><img decoding=\"async\" class=\"image--xl visible--xl visible--sm visible--md visible--lg\" src=\"https:\/\/renoliquidation.com\/ontario\/wp-content\/uploads\/2025\/01\/9e7422947ebbf76bb277419d3370ba80.jpg\" width=\"1707\" height=\"1280\" title=\"9e7422947ebbf76bb277419d3370ba80\" alt=\"\" loading=\"eager\" srcset=\"https:\/\/renoliquidation.com\/ontario\/wp-content\/uploads\/2025\/01\/9e7422947ebbf76bb277419d3370ba80-150x150.jpg 150w,https:\/\/renoliquidation.com\/ontario\/wp-content\/uploads\/2025\/01\/9e7422947ebbf76bb277419d3370ba80-300x225.jpg 300w,https:\/\/renoliquidation.com\/ontario\/wp-content\/uploads\/2025\/01\/9e7422947ebbf76bb277419d3370ba80-1024x768.jpg 1024w,https:\/\/renoliquidation.com\/ontario\/wp-content\/uploads\/2025\/01\/9e7422947ebbf76bb277419d3370ba80.jpg 1707w,\" sizes=\"(max-width: 1707px) 100vw, 1707px\" style=\"object-fit:cover;object-position:50% 50%\"\/><\/div><div class=\"superblockslider__slide__overlay\" style=\"background-color:var(--contrast);opacity:0\"><\/div><div class=\"superblockslider__slide_inner\"><div class=\"inner-blocks\" style=\"overflow:hidden\"><\/div><\/div><\/div>\n\n\n\n<div class=\"wp-block-superblockslider-slide superblockslider__slide is-vertical-center\" data-slide-index=\"2\" style=\"transition-duration:.6s;transition-timing-function:cubic-bezier(0.46, 0.03, 0.52, 0.96)\"><div class=\"superblockslider__slide__bg\"><img decoding=\"async\" class=\"image--xl visible--xl visible--sm visible--md visible--lg\" src=\"https:\/\/renoliquidation.com\/ontario\/wp-content\/uploads\/2025\/01\/Home-banner-1.jpg\" width=\"1920\" height=\"1080\" title=\"Home banner-1\" alt=\"\" loading=\"eager\" srcset=\"https:\/\/renoliquidation.com\/ontario\/wp-content\/uploads\/2025\/01\/Home-banner-1-150x150.jpg 150w,https:\/\/renoliquidation.com\/ontario\/wp-content\/uploads\/2025\/01\/Home-banner-1-300x169.jpg 300w,https:\/\/renoliquidation.com\/ontario\/wp-content\/uploads\/2025\/01\/Home-banner-1-1024x576.jpg 1024w,https:\/\/renoliquidation.com\/ontario\/wp-content\/uploads\/2025\/01\/Home-banner-1.jpg 1920w,\" sizes=\"(max-width: 1920px) 100vw, 1920px\" style=\"object-fit:cover;object-position:49% 56.00000000000001%\"\/><\/div><div class=\"superblockslider__slide__overlay\" style=\"background-color:var(--contrast);opacity:0\"><\/div><div class=\"superblockslider__slide_inner\"><div class=\"inner-blocks\" style=\"overflow:hidden\"><\/div><\/div><\/div>\n<\/div><\/div><\/div>\n\n<\/div>\n<\/div>\n\n<div class=\"gb-container gb-container-cd951116\">\n\n<h2 class=\"gb-headline gb-headline-6ccdb742 gb-headline-text\">Des produits de r\u00e9novation haut de gamme \u00e0 <mark style=\"background-color:rgba(0, 0, 0, 0)\" class=\"has-inline-color has-accent-3-color\">des prix plus bas<\/mark><\/h2>\n\n\n\n<p>Chez Reno Liquidation, nous sommes fiers d&#8217;offrir une vaste s\u00e9lection de quincaillerie et de mat\u00e9riaux de construction des principaux fabricants. Nos prix sont comp\u00e9titifs et notre personnel comp\u00e9tent est \u00e0 votre disposition pour r\u00e9pondre \u00e0 toutes vos questions sur nos produits et vous fournir des conseils d&#8217;experts sur la meilleure fa\u00e7on de mener \u00e0 bien votre projet. la meilleure qualit\u00e9 au meilleur rapport qualit\u00e9-prix. Que vous soyez un entrepreneur professionnel ou un bricoleur passionn\u00e9, Reno Liquidators a ce dont vous avez besoin pour r\u00e9ussir vos projets.<\/p>\n\n<\/div>\n<\/section>\n\n<div class=\"gb-container gb-container-47930b44\">\n<div class=\"gb-container gb-container-09a1cef6\">\n\n<h3 class=\"gb-headline gb-headline-d6bde3ee gb-headline-text\"><strong><strong><mark style=\"background-color:rgba(0, 0, 0, 0)\" class=\"has-inline-color has-accent-3-color\">4 emplacements<\/mark>&nbsp;et toujours en croissance!<\/strong><\/strong><\/h3>\n\n\n\n<p>RENO Liquidation se d\u00e9veloppe rapidement pour r\u00e9pondre aux divers besoins de nos pr\u00e9cieux clients. En offrant des salles d&#8217;exposition partout en Ontario et au Qu\u00e9bec, notamment \u00e0 Montr\u00e9al, Brossard, Ottawa et Nepean, on s&#8217;assure que tout le monde peut b\u00e9n\u00e9ficier de nos produits de haute qualit\u00e9, d&#8217;un meilleur service \u00e0 la client\u00e8le et de prix plus bas.<\/p>\n\n\n<div class=\"gb-container gb-container-0c5edd74\">\n\n<a class=\"gb-button gb-button-f48aa3e7 gb-button-text\" href=\"https:\/\/maps.app.goo.gl\/1bYRnM8bejYWyvKu5\" target=\"_blank\" rel=\"noopener noreferrer\"><strong><strong><strong>Salle de montre de Montr\u00e9al<\/strong><\/strong><\/strong><\/a>\n\n\n\n<a class=\"gb-button gb-button-75ccd8fd gb-button-text\" href=\"https:\/\/maps.app.goo.gl\/fP5goUMRaZGqB61N8\" target=\"_blank\" rel=\"noopener noreferrer\"><strong><strong><strong>Salle de montre de Brossard<\/strong><\/strong><\/strong><\/a>\n\n<\/div>\n\n<div class=\"gb-container gb-container-64b7345f\">\n\n<a class=\"gb-button gb-button-91815310 gb-button-text\" href=\"https:\/\/maps.app.goo.gl\/2nUEueaSaPD52dyz6\" target=\"_blank\" rel=\"noopener noreferrer\"><strong><strong>Salle de montre d<\/strong>&#8216;<strong>Ottawa<\/strong><\/strong><\/a>\n\n\n\n<a class=\"gb-button gb-button-9ccd088e gb-button-text\" href=\"https:\/\/maps.app.goo.gl\/JgejXggGtCG1Lwep6\" target=\"_blank\" rel=\"noopener noreferrer\"><strong><strong>Salle de montre d<\/strong>e <strong>Nepean<\/strong><\/strong><\/a>\n\n<\/div>\n\n<div class=\"gb-container gb-container-26969626 hide-on-mobile hide-on-tablet hide-on-desktop\">\n<div class=\"gb-grid-wrapper gb-grid-wrapper-48e94e48\">\n<div class=\"gb-grid-column gb-grid-column-348215a3\"><div class=\"gb-container gb-container-348215a3\">\n\n<h2 class=\"gb-headline gb-headline-83877a47\"><span class=\"gb-icon\"><svg aria-hidden=\"true\" role=\"img\" height=\"1em\" width=\"1em\" viewBox=\"0 0 640 512\" xmlns=\"http:\/\/www.w3.org\/2000\/svg\"><path fill=\"currentColor\" d=\"M497.941 225.941L286.059 14.059A48 48 0 0 0 252.118 0H48C21.49 0 0 21.49 0 48v204.118a48 48 0 0 0 14.059 33.941l211.882 211.882c18.744 18.745 49.136 18.746 67.882 0l204.118-204.118c18.745-18.745 18.745-49.137 0-67.882zM112 160c-26.51 0-48-21.49-48-48s21.49-48 48-48 48 21.49 48 48-21.49 48-48 48zm513.941 133.823L421.823 497.941c-18.745 18.745-49.137 18.745-67.882 0l-.36-.36L527.64 323.522c16.999-16.999 26.36-39.6 26.36-63.64s-9.362-46.641-26.36-63.64L331.397 0h48.721a48 48 0 0 1 33.941 14.059l211.882 211.882c18.745 18.745 18.745 49.137 0 67.882z\"><\/path><\/svg><\/span><span class=\"gb-headline-text\">12% OFF on All WPC Products Orders<\/span><\/h2>\n\n\n\n<p class=\"gb-headline gb-headline-cdafa845 gb-headline-text\"> &#8211; Limited time special offer, valid until May 20th<\/p>\n\n<\/div><\/div>\n\n<div class=\"gb-grid-column gb-grid-column-5f532c9c\"><div class=\"gb-container gb-container-5f532c9c\">\n<div class=\"gb-container gb-container-5f558ca8\">\n\n<a class=\"gb-button gb-button-8aa839a0\" href=\"https:\/\/renoliquidation.com\/ontario\/about\/#contact\" target=\"_blank\" rel=\"noopener noreferrer\"><span class=\"gb-button-text\">Get a Free Quote<\/span><span class=\"gb-icon\"><svg aria-hidden=\"true\" height=\"1em\" width=\"1em\" viewBox=\"0 0 512 512\" xmlns=\"http:\/\/www.w3.org\/2000\/svg\"><path fill=\"currentColor\" d=\"M440 6.5L24 246.4c-34.4 19.9-31.1 70.8 5.7 85.9L144 379.6V464c0 46.4 59.2 65.5 86.6 28.6l43.8-59.1 111.9 46.2c5.9 2.4 12.1 3.6 18.3 3.6 8.2 0 16.3-2.1 23.6-6.2 12.8-7.2 21.6-20 23.9-34.5l59.4-387.2c6.1-40.1-36.9-68.8-71.5-48.9zM192 464v-64.6l36.6 15.1L192 464zm212.6-28.7l-153.8-63.5L391 169.5c10.7-15.5-9.5-33.5-23.7-21.2L155.8 332.6 48 288 464 48l-59.4 387.3z\"><\/path><\/svg><\/span><\/a>\n\n<\/div>\n<\/div><\/div>\n<\/div>\n<\/div>\n<\/div>\n<\/div>","protected":false},"excerpt":{"rendered":"<p>Des produits de r\u00e9novation haut de gamme \u00e0 des prix plus bas Chez Reno Liquidation, &#8230; <a title=\"\u00c0 propos de Reno Liquidation Ontario\" class=\"read-more\" href=\"https:\/\/renoliquidation.com\/ontario\/fr\/a-propos-de-nous\/\" aria-label=\"Read more about \u00c0 propos de Reno Liquidation Ontario\">Read more<\/a><\/p>\n","protected":false},"author":1,"featured_media":0,"parent":0,"menu_order":0,"comment_status":"closed","ping_status":"closed","template":"","meta":{"footnotes":""},"class_list":["post-3099","page","type-page","status-publish"],"lang":"fr","translations":{"fr":3099,"en":47},"pll_sync_post":[],"_links":{"self":[{"href":"https:\/\/renoliquidation.com\/ontario\/wp-json\/wp\/v2\/pages\/3099","targetHints":{"allow":["GET"]}}],"collection":[{"href":"https:\/\/renoliquidation.com\/ontario\/wp-json\/wp\/v2\/pages"}],"about":[{"href":"https:\/\/renoliquidation.com\/ontario\/wp-json\/wp\/v2\/types\/page"}],"author":[{"embeddable":true,"href":"https:\/\/renoliquidation.com\/ontario\/wp-json\/wp\/v2\/users\/1"}],"replies":[{"embeddable":true,"href":"https:\/\/renoliquidation.com\/ontario\/wp-json\/wp\/v2\/comments?post=3099"}],"version-history":[{"count":2,"href":"https:\/\/renoliquidation.com\/ontario\/wp-json\/wp\/v2\/pages\/3099\/revisions"}],"predecessor-version":[{"id":3260,"href":"https:\/\/renoliquidation.com\/ontario\/wp-json\/wp\/v2\/pages\/3099\/revisions\/3260"}],"wp:attachment":[{"href":"https:\/\/renoliquidation.com\/ontario\/wp-json\/wp\/v2\/media?parent=3099"}],"curies":[{"name":"wp","href":"https:\/\/api.w.org\/{rel}","templated":true}]}}