{"id":3104,"date":"2025-01-29T21:06:00","date_gmt":"2025-01-29T21:06:00","guid":{"rendered":"https:\/\/renoliquidation.com\/ontario\/?page_id=3104"},"modified":"2026-02-21T21:04:43","modified_gmt":"2026-02-21T21:04:43","slug":"contactez-nous","status":"publish","type":"page","link":"https:\/\/renoliquidation.com\/ontario\/fr\/contactez-nous\/","title":{"rendered":"Contactez-nous"},"content":{"rendered":"<div class=\"gb-container gb-container-e155b865\">\n<section class=\"gb-container gb-container-872296e7\">\n\n<h2 class=\"gb-headline gb-headline-f6c525bd gb-headline-text\">r\u00c9no Liquidation<\/h2>\n\n\n\n<h2 class=\"gb-headline gb-headline-d62c4abb gb-headline-text\">NOUS SOMMES ICI POUR VOUS SERVIR<\/h2>\n\n\n<div class=\"gb-container gb-container-44b86a64\">\n<div class=\"gb-container gb-container-dacea712\"><\/div>\n\n<div class=\"gb-container gb-container-d22f2bb6\"><\/div>\n<\/div>\n\n\n<p class=\"has-text-align-center\">Contactez-nous et d\u00e9couvrez des offres incroyables sur les essentiels de r\u00e9novation en stock chez Reno Liquidation ! Notre salle d&#8217;exposition et notre entrep\u00f4t offrent une vaste gamme de produits, notamment des armoires de cuisine, des vanit\u00e9s, des baignoires, des douches, des comptoirs, des rev\u00eatements de sol et bien plus encore. Avec des mat\u00e9riaux de haute qualit\u00e9 disponibles pour un retrait imm\u00e9diat, vous pouvez \u00e9conomiser beaucoup par rapport aux prix de d\u00e9tail.<\/p>\n\n\n<div class=\"gb-container gb-container-c26b5ea1\">\n<style id=\"wpforms-css-vars-root\">\n\t\t\t\t:root {\n\t\t\t\t\t--wpforms-field-border-radius: 3px;\n--wpforms-field-background-color: #ffffff;\n--wpforms-field-border-color: rgba( 0, 0, 0, 0.25 );\n--wpforms-field-text-color: rgba( 0, 0, 0, 0.7 );\n--wpforms-label-color: rgba( 0, 0, 0, 0.85 );\n--wpforms-label-sublabel-color: rgba( 0, 0, 0, 0.55 );\n--wpforms-label-error-color: #d63637;\n--wpforms-button-border-radius: 3px;\n--wpforms-button-background-color: #066aab;\n--wpforms-button-text-color: #ffffff;\n--wpforms-field-size-input-height: 43px;\n--wpforms-field-size-input-spacing: 15px;\n--wpforms-field-size-font-size: 16px;\n--wpforms-field-size-line-height: 19px;\n--wpforms-field-size-padding-h: 14px;\n--wpforms-field-size-checkbox-size: 16px;\n--wpforms-field-size-sublabel-spacing: 5px;\n--wpforms-field-size-icon-size: 1;\n--wpforms-label-size-font-size: 16px;\n--wpforms-label-size-line-height: 19px;\n--wpforms-label-size-sublabel-font-size: 14px;\n--wpforms-label-size-sublabel-line-height: 17px;\n--wpforms-button-size-font-size: 17px;\n--wpforms-button-size-height: 41px;\n--wpforms-button-size-padding-h: 15px;\n--wpforms-button-size-margin-top: 10px;\n\n\t\t\t\t}\n\t\t\t<\/style><style id=\"wpforms-css-vars-3560-block-223df756-3818-4e6c-8152-ef3f2b2bae4f\">\n\t\t\t\t#wpforms-3560.wpforms-block-223df756-3818-4e6c-8152-ef3f2b2bae4f {\n\t\t\t\t\t--wpforms-field-text-color: var(--contrast);\n--wpforms-label-color: var(--contrast);\n--wpforms-button-background-color: var(--accent);\n--wpforms-button-text-color: var(--contrast);\n--wpforms-label-size-font-size: 18px;\n--wpforms-label-size-line-height: 21px;\n--wpforms-label-size-sublabel-font-size: 16px;\n--wpforms-label-size-sublabel-line-height: 19px;\n--wpforms-button-size-font-size: 20px;\n--wpforms-button-size-height: 48px;\n--wpforms-button-size-padding-h: 20px;\n--wpforms-button-size-margin-top: 15px;\n\n\t\t\t\t}\n\t\t\t<\/style><div class=\"wpforms-container wpforms-container-full wpforms-form-abandonment wpforms-block wpforms-block-223df756-3818-4e6c-8152-ef3f2b2bae4f wpforms-render-modern\" id=\"wpforms-3560\"><form id=\"wpforms-form-3560\" class=\"wpforms-validate wpforms-form wpforms-ajax-form\" data-formid=\"3560\" method=\"post\" enctype=\"multipart\/form-data\" action=\"\/ontario\/wp-json\/wp\/v2\/pages\/3104\" data-token=\"27ea050da824138bd242863c3ba6364d\"><noscript class=\"wpforms-error-noscript\">Please enable JavaScript in your browser to complete this form.<\/noscript><div class=\"wpforms-hidden\" id=\"wpforms-error-noscript\">Please enable JavaScript in your browser to complete this form.<\/div><div class=\"wpforms-field-container\"><div id=\"wpforms-3560-field_0-container\" class=\"wpforms-field wpforms-field-name\" data-field-id=\"0\"><label class=\"wpforms-field-label\" for=\"wpforms-3560-field_0\">Nom <span class=\"wpforms-required-label\" aria-hidden=\"true\">*<\/span><\/label><input type=\"text\" id=\"wpforms-3560-field_0\" class=\"wpforms-field-large wpforms-field-required\" name=\"wpforms[fields][0]\" aria-errormessage=\"wpforms-3560-field_0-error\" required><\/div><div id=\"wpforms-3560-field_3-container\" class=\"wpforms-field wpforms-field-phone\" data-field-id=\"3\"><label class=\"wpforms-field-label\" for=\"wpforms-3560-field_3\">Num\u00e9ro de t\u00e9l\u00e9phone <span class=\"wpforms-required-label\" aria-hidden=\"true\">*<\/span><\/label><input type=\"tel\" id=\"wpforms-3560-field_3\" class=\"wpforms-field-large wpforms-field-required wpforms-masked-input\" data-inputmask=\"&#039;mask&#039;: &#039;(999) 999-9999&#039;\" data-rule-us-phone-field=\"true\" data-inputmask-inputmode=\"tel\" name=\"wpforms[fields][3]\" aria-errormessage=\"wpforms-3560-field_3-error\" required><\/div><div id=\"wpforms-3560-field_1-container\" class=\"wpforms-field wpforms-field-email\" data-field-id=\"1\"><label class=\"wpforms-field-label\" for=\"wpforms-3560-field_1\">Email<\/label><input type=\"email\" id=\"wpforms-3560-field_1\" class=\"wpforms-field-large\" name=\"wpforms[fields][1]\" spellcheck=\"false\" aria-errormessage=\"wpforms-3560-field_1-error\" ><\/div><div id=\"wpforms-3560-field_4-container\" class=\"wpforms-field wpforms-field-radio wpforms-list-2-columns\" data-field-id=\"4\"><fieldset><legend class=\"wpforms-field-label\">Quelle salle de montre voulez-vous visiter ? <span class=\"wpforms-required-label\" aria-hidden=\"true\">*<\/span><\/legend><ul id=\"wpforms-3560-field_4\" class=\"wpforms-field-required\"><li class=\"choice-1 depth-1\"><input type=\"radio\" id=\"wpforms-3560-field_4_1\" name=\"wpforms[fields][4]\" value=\"Ottawa Est\" aria-errormessage=\"wpforms-3560-field_4_1-error\" required ><label class=\"wpforms-field-label-inline\" for=\"wpforms-3560-field_4_1\">Ottawa Est<\/label><\/li><li class=\"choice-2 depth-1\"><input type=\"radio\" id=\"wpforms-3560-field_4_2\" name=\"wpforms[fields][4]\" value=\"Ottawa West\" aria-errormessage=\"wpforms-3560-field_4_2-error\" required ><label class=\"wpforms-field-label-inline\" for=\"wpforms-3560-field_4_2\">Ottawa West<\/label><\/li><\/ul><\/fieldset><\/div><div id=\"wpforms-3560-field_2-container\" class=\"wpforms-field wpforms-field-textarea\" data-field-id=\"2\"><label class=\"wpforms-field-label\" for=\"wpforms-3560-field_2\">Message<\/label><textarea id=\"wpforms-3560-field_2\" class=\"wpforms-field-medium\" name=\"wpforms[fields][2]\" aria-errormessage=\"wpforms-3560-field_2-error\" ><\/textarea><\/div><\/div><!-- .wpforms-field-container --><div class=\"wpforms-recaptcha-container wpforms-is-recaptcha wpforms-is-recaptcha-type-v3\" ><input type=\"hidden\" name=\"wpforms[recaptcha]\" value=\"\"><\/div><div class=\"wpforms-submit-container\" ><input type=\"hidden\" name=\"wpforms[id]\" value=\"3560\"><input type=\"hidden\" name=\"wpforms[author]\" value=\"1\"><button type=\"submit\" name=\"wpforms[submit]\" id=\"wpforms-submit-3560\" class=\"wpforms-submit\" data-alt-text=\"Sending...\" data-submit-text=\"Soumettre\" aria-live=\"assertive\" value=\"wpforms-submit\">Soumettre<\/button><img loading=\"lazy\" decoding=\"async\" src=\"https:\/\/renoliquidation.com\/ontario\/wp-content\/plugins\/wpforms\/assets\/images\/submit-spin.svg\" class=\"wpforms-submit-spinner\" style=\"display: none;\" width=\"26\" height=\"26\" alt=\"Loading\"><\/div><\/form><\/div>  <!-- .wpforms-container -->\n<\/div>\n<\/section>\n<\/div>\n\n<section class=\"gb-container gb-container-ec1fc156\">\n\n<h2 class=\"gb-headline gb-headline-fdab6bfe gb-headline-text\">Venez dans l&#8217;un de <mark style=\"background-color:rgba(0, 0, 0, 0)\" class=\"has-inline-color has-accent-3-color\">nos magasins<\/mark>&nbsp;aujourd&#8217;hui<\/h2>\n\n\n<div class=\"gb-container gb-container-b1d73a69\">\n<div class=\"gb-container gb-container-2709d23f\"><\/div>\n\n<div class=\"gb-container gb-container-9c66645c\"><\/div>\n<\/div>\n<\/section>\n\n<section class=\"gb-container gb-container-0e61a184\">\n<div class=\"gb-container gb-container-273f1510\">\n<div class=\"gb-container gb-container-c2a5dddb\">\n\n<h2 class=\"gb-headline gb-headline-63c6c8ae gb-headline-text\"><strong>Salle de montre d&#8217;<strong>Ottawa<\/strong><\/strong> est<\/h2>\n\n\n\n<p class=\"gb-headline gb-headline-6bc2b6fd\"><span class=\"gb-icon\"><svg viewBox=\"0 0 349.661 349.661\" xmlns=\"http:\/\/www.w3.org\/2000\/svg\"><path d=\"M174.831 0C102.056 0 42.849 59.207 42.849 131.981c0 30.083 21.156 74.658 62.881 132.485 30.46 42.215 61.363 76.607 61.671 76.95l7.429 8.245 7.429-8.245c.309-.342 31.211-34.734 61.671-76.95 41.725-57.828 62.881-102.402 62.881-132.485C306.812 59.207 247.605 0 174.831 0zm-.001 319.617C137.772 276.925 62.85 180.569 62.85 131.981 62.849 70.235 113.084 20 174.831 20s111.981 50.235 111.981 111.981c0 48.559-74.924 144.934-111.982 187.636z\"><\/path><\/svg><\/span><span class=\"gb-headline-text\"><a href=\"https:\/\/maps.app.goo.gl\/2nUEueaSaPD52dyz6\" target=\"_blank\" rel=\"noreferrer noopener\">213-2310 St. Laurent Blvd Ottawa, ON K1G 5H9<\/a><\/span><\/p>\n\n\n\n<p class=\"gb-headline gb-headline-5aea6c36\"><span class=\"gb-icon\"><svg viewBox=\"0 0 569.695 569.695\" xmlns=\"http:\/\/www.w3.org\/2000\/svg\"><path d=\"M445.866 543.562V26.144C445.866 11.733 434.142 0 419.741 0H149.973c-14.42 0-26.144 11.733-26.144 26.144v517.417c0 14.41 11.733 26.134 26.144 26.134h269.768c14.401 0 26.125-11.723 26.125-26.133zm-307.702 0V26.144c0-6.502 5.288-11.8 11.8-11.8h269.768c6.502 0 11.78 5.298 11.78 11.8v517.417c0 6.502-5.288 11.79-11.78 11.79H149.973c-6.521.001-11.809-5.288-11.809-11.789z\"><\/path><path d=\"M424.37 481.386V56.706a3.587 3.587 0 0 0-3.586-3.586H148.902a3.587 3.587 0 0 0-3.586 3.586v424.68a3.587 3.587 0 0 0 3.586 3.586h271.881a3.588 3.588 0 0 0 3.587-3.586zm-16.735-3.586H162.051c-5.278 0-9.562-4.284-9.562-9.562V69.854c0-5.278 4.284-9.562 9.562-9.562h245.584c5.278 0 9.562 4.284 9.562 9.562v398.383c.001 5.279-4.283 9.563-9.562 9.563zM269.237 36.452c4.581 1.387 10.442 2.085 17.442 2.085s12.871-.698 17.441-2.085c3.061-.927 4.074-2.964 3.997-4.561-.057-1.673-1.329-3.72-4.666-4.428-3.682-.774-9.582-1.73-16.716-1.874l-1.415-.01c-6.665 0-12.125.938-15.5 1.721-3.309.756-4.542 2.831-4.59 4.533-.057 1.626.966 3.701 4.007 4.619zm17.413-6.072a86.95 86.95 0 0 1 7.756.498c4.273.468 4.312 2.123.038 2.543-2.372.229-4.964.344-7.765.344-2.879 0-5.537-.124-7.966-.363-4.38-.44-4.647-2.199-.66-2.639a66.481 66.481 0 0 1 7.258-.392l1.339.009zM402.873 40.363c4.581 0 8.31-3.729 8.31-8.31 0-4.571-3.738-8.3-8.31-8.3-4.58 0-8.31 3.729-8.31 8.3 0 4.591 3.739 8.31 8.31 8.31zm0-11.828a3.53 3.53 0 0 1 3.528 3.519c0 1.951-1.587 3.528-3.528 3.528s-3.528-1.587-3.528-3.528a3.528 3.528 0 0 1 3.528-3.519zM185.049 500.349l-8.052 5.46-3.002 2.046a2.377 2.377 0 0 0-.631 3.318 2.405 2.405 0 0 0 1.979 1.052c.134 0 .258-.038.382-.086.201-.076.363 2.285.363 5.298v5.441a2.399 2.399 0 0 0 2.391 2.391h15.463a2.398 2.398 0 0 0 2.391-2.391v-5.47c0-3.022.669-5.184 1.482-5.374a2.012 2.012 0 0 0 1.214-.823 2.386 2.386 0 0 0-.583-3.337l-10.672-7.497c-.803-.583-1.884-.583-2.725-.028zm1.157 20.147c-2.955 0-5.345-2.581-5.345-5.766s1.233-6.599 2.754-7.631c1.521-1.033 3.911-1.052 5.345-.048 1.425 1.004 2.582 4.418 2.582 7.631s-2.391 5.814-5.336 5.814zM257.437 505.33h-17.968a2.386 2.386 0 0 0-2.391 2.391 2.386 2.386 0 0 0 2.391 2.391h17.968c1.33 0 2.391-1.07 2.391-2.391a2.387 2.387 0 0 0-2.391-2.391zM257.437 512.856h-17.968a2.385 2.385 0 0 0-2.391 2.391 2.387 2.387 0 0 0 2.391 2.391h17.968a2.385 2.385 0 0 0 2.391-2.391 2.38 2.38 0 0 0-2.391-2.391zM257.437 520.496h-17.968a2.386 2.386 0 0 0-2.391 2.391 2.386 2.386 0 0 0 2.391 2.391h17.968c1.33 0 2.391-1.07 2.391-2.391a2.387 2.387 0 0 0-2.391-2.391zM311.933 510.351c-1.262.01-2.275-.784-2.275-1.769 0-.985-2.314-.45-5.164 1.195-2.85 1.645-2.85 4.312 0 5.957s5.164 2.181 5.164 1.186c0-.984 1.014-1.798 2.257-1.798l2.257-.009c2.036-.02 3.365.525 4.293 1.615 1.884 2.229 1.684 6.465 1.435 7.918-.114.65.048 1.281.401 1.779.593.841 2.448 1.08 3.309.535.536-.345.88-.87.995-1.502.134-.755 1.176-7.478-2.486-11.81-1.291-1.521-3.701-3.317-7.898-3.317l-2.288.02zM366.698 510.829c0 5.135 4.169 9.304 9.305 9.304.325 0 .631-.057.928-.134.497-.134 1.559 1.177 2.371 2.917l1.463 3.146a2.387 2.387 0 0 0 2.171 1.387 2.384 2.384 0 0 0 2.171-3.395s-.66-1.425-1.473-3.175c-.813-1.75-.067-4.322.851-6.272a8.886 8.886 0 0 0 .852-3.777c0-5.136-4.188-9.314-9.323-9.314-5.156.008-9.316 4.187-9.316 9.313zm9.304 4.523a4.519 4.519 0 0 1-4.523-4.522 4.528 4.528 0 0 1 4.523-4.533 4.538 4.538 0 0 1 4.542 4.533 4.548 4.548 0 0 1-4.542 4.522z\"><\/path><\/svg><\/span><span class=\"gb-headline-text\"><a href=\"tel:+16135160166\">613-516-0166<\/a><\/span><\/p>\n\n\n\n<p class=\"gb-headline gb-headline-8ffe03e3\"><span class=\"gb-icon\"><svg viewBox=\"0 0 64 64\" xmlns=\"http:\/\/www.w3.org\/2000\/svg\"><path d=\"M58.003 8H5.997a6 6 0 0 0-6 6v36a6 6 0 0 0 6 6h52.006a6 6 0 0 0 6-6V14a6 6 0 0 0-6-6zm4 41.11L43.085 30.193l18.918-12.056v30.975zM5.997 10h52.006c2.206 0 4 1.794 4 4v1.766L34.468 33.313c-1.49.95-3.394.92-4.85-.07L1.997 14.47V14c0-2.206 1.794-4 4-4zm-4 6.885 19.185 13.04L1.997 49.111V16.885zM58.003 54H5.997a4.005 4.005 0 0 1-3.677-2.428l20.52-20.52 5.655 3.844a6.41 6.41 0 0 0 7.046.104l5.842-3.724L61.68 51.572A4.005 4.005 0 0 1 58.003 54z\"><\/path><\/svg><\/span><span class=\"gb-headline-text\"><a href=\"mailto:info.on@renoliquidation.com\">info.on@renoliquidation.com<\/a><\/span><\/p>\n\n<\/div>\n\n<div class=\"gb-container gb-container-9b93679e\">\n\n<iframe src=\"https:\/\/www.google.com\/maps\/embed?pb=!1m18!1m12!1m3!1d9882.73819688768!2d-75.62290652119452!3d45.384442036994926!2m3!1f0!2f0!3f0!3m2!1i1024!2i768!4f13.1!3m3!1m2!1s0x4cce0f93223a27fb%3A0xa6b1fff7afb24d0f!2sReno%20Liquidation%20Ontario!5e0!3m2!1sen!2sca!4v1736888615499!5m2!1sen!2sca\" width=\"600\" height=\"250\" style=\"border:0;\" allowfullscreen=\"\" loading=\"lazy\" referrerpolicy=\"no-referrer-when-downgrade\"><\/iframe>\n\n<\/div>\n<\/div>\n\n<div class=\"gb-container gb-container-8e2f8a35\">\n<div class=\"gb-container gb-container-e891c9d7\">\n\n<h2 class=\"gb-headline gb-headline-ec7e3bdd gb-headline-text\"><strong>Salle de montre <strong>d&#8217;<strong>Ottawa<\/strong><\/strong> ouest<\/strong> <\/h2>\n\n\n\n<p class=\"gb-headline gb-headline-1fa0f077\"><span class=\"gb-icon\"><svg viewBox=\"0 0 349.661 349.661\" xmlns=\"http:\/\/www.w3.org\/2000\/svg\"><path d=\"M174.831 0C102.056 0 42.849 59.207 42.849 131.981c0 30.083 21.156 74.658 62.881 132.485 30.46 42.215 61.363 76.607 61.671 76.95l7.429 8.245 7.429-8.245c.309-.342 31.211-34.734 61.671-76.95 41.725-57.828 62.881-102.402 62.881-132.485C306.812 59.207 247.605 0 174.831 0zm-.001 319.617C137.772 276.925 62.85 180.569 62.85 131.981 62.849 70.235 113.084 20 174.831 20s111.981 50.235 111.981 111.981c0 48.559-74.924 144.934-111.982 187.636z\"><\/path><\/svg><\/span><span class=\"gb-headline-text\"><a href=\"https:\/\/maps.app.goo.gl\/JgejXggGtCG1Lwep6\" target=\"_blank\" rel=\"noreferrer noopener\">17 Fitzgerald Rd, unit 101, Nepean ON K2H 9G1<\/a><\/span><\/p>\n\n\n\n<p class=\"gb-headline gb-headline-689581c2\"><span class=\"gb-icon\"><svg viewBox=\"0 0 569.695 569.695\" xmlns=\"http:\/\/www.w3.org\/2000\/svg\"><path d=\"M445.866 543.562V26.144C445.866 11.733 434.142 0 419.741 0H149.973c-14.42 0-26.144 11.733-26.144 26.144v517.417c0 14.41 11.733 26.134 26.144 26.134h269.768c14.401 0 26.125-11.723 26.125-26.133zm-307.702 0V26.144c0-6.502 5.288-11.8 11.8-11.8h269.768c6.502 0 11.78 5.298 11.78 11.8v517.417c0 6.502-5.288 11.79-11.78 11.79H149.973c-6.521.001-11.809-5.288-11.809-11.789z\"><\/path><path d=\"M424.37 481.386V56.706a3.587 3.587 0 0 0-3.586-3.586H148.902a3.587 3.587 0 0 0-3.586 3.586v424.68a3.587 3.587 0 0 0 3.586 3.586h271.881a3.588 3.588 0 0 0 3.587-3.586zm-16.735-3.586H162.051c-5.278 0-9.562-4.284-9.562-9.562V69.854c0-5.278 4.284-9.562 9.562-9.562h245.584c5.278 0 9.562 4.284 9.562 9.562v398.383c.001 5.279-4.283 9.563-9.562 9.563zM269.237 36.452c4.581 1.387 10.442 2.085 17.442 2.085s12.871-.698 17.441-2.085c3.061-.927 4.074-2.964 3.997-4.561-.057-1.673-1.329-3.72-4.666-4.428-3.682-.774-9.582-1.73-16.716-1.874l-1.415-.01c-6.665 0-12.125.938-15.5 1.721-3.309.756-4.542 2.831-4.59 4.533-.057 1.626.966 3.701 4.007 4.619zm17.413-6.072a86.95 86.95 0 0 1 7.756.498c4.273.468 4.312 2.123.038 2.543-2.372.229-4.964.344-7.765.344-2.879 0-5.537-.124-7.966-.363-4.38-.44-4.647-2.199-.66-2.639a66.481 66.481 0 0 1 7.258-.392l1.339.009zM402.873 40.363c4.581 0 8.31-3.729 8.31-8.31 0-4.571-3.738-8.3-8.31-8.3-4.58 0-8.31 3.729-8.31 8.3 0 4.591 3.739 8.31 8.31 8.31zm0-11.828a3.53 3.53 0 0 1 3.528 3.519c0 1.951-1.587 3.528-3.528 3.528s-3.528-1.587-3.528-3.528a3.528 3.528 0 0 1 3.528-3.519zM185.049 500.349l-8.052 5.46-3.002 2.046a2.377 2.377 0 0 0-.631 3.318 2.405 2.405 0 0 0 1.979 1.052c.134 0 .258-.038.382-.086.201-.076.363 2.285.363 5.298v5.441a2.399 2.399 0 0 0 2.391 2.391h15.463a2.398 2.398 0 0 0 2.391-2.391v-5.47c0-3.022.669-5.184 1.482-5.374a2.012 2.012 0 0 0 1.214-.823 2.386 2.386 0 0 0-.583-3.337l-10.672-7.497c-.803-.583-1.884-.583-2.725-.028zm1.157 20.147c-2.955 0-5.345-2.581-5.345-5.766s1.233-6.599 2.754-7.631c1.521-1.033 3.911-1.052 5.345-.048 1.425 1.004 2.582 4.418 2.582 7.631s-2.391 5.814-5.336 5.814zM257.437 505.33h-17.968a2.386 2.386 0 0 0-2.391 2.391 2.386 2.386 0 0 0 2.391 2.391h17.968c1.33 0 2.391-1.07 2.391-2.391a2.387 2.387 0 0 0-2.391-2.391zM257.437 512.856h-17.968a2.385 2.385 0 0 0-2.391 2.391 2.387 2.387 0 0 0 2.391 2.391h17.968a2.385 2.385 0 0 0 2.391-2.391 2.38 2.38 0 0 0-2.391-2.391zM257.437 520.496h-17.968a2.386 2.386 0 0 0-2.391 2.391 2.386 2.386 0 0 0 2.391 2.391h17.968c1.33 0 2.391-1.07 2.391-2.391a2.387 2.387 0 0 0-2.391-2.391zM311.933 510.351c-1.262.01-2.275-.784-2.275-1.769 0-.985-2.314-.45-5.164 1.195-2.85 1.645-2.85 4.312 0 5.957s5.164 2.181 5.164 1.186c0-.984 1.014-1.798 2.257-1.798l2.257-.009c2.036-.02 3.365.525 4.293 1.615 1.884 2.229 1.684 6.465 1.435 7.918-.114.65.048 1.281.401 1.779.593.841 2.448 1.08 3.309.535.536-.345.88-.87.995-1.502.134-.755 1.176-7.478-2.486-11.81-1.291-1.521-3.701-3.317-7.898-3.317l-2.288.02zM366.698 510.829c0 5.135 4.169 9.304 9.305 9.304.325 0 .631-.057.928-.134.497-.134 1.559 1.177 2.371 2.917l1.463 3.146a2.387 2.387 0 0 0 2.171 1.387 2.384 2.384 0 0 0 2.171-3.395s-.66-1.425-1.473-3.175c-.813-1.75-.067-4.322.851-6.272a8.886 8.886 0 0 0 .852-3.777c0-5.136-4.188-9.314-9.323-9.314-5.156.008-9.316 4.187-9.316 9.313zm9.304 4.523a4.519 4.519 0 0 1-4.523-4.522 4.528 4.528 0 0 1 4.523-4.533 4.538 4.538 0 0 1 4.542 4.533 4.548 4.548 0 0 1-4.542 4.522z\"><\/path><\/svg><\/span><span class=\"gb-headline-text\"><a href=\"tel:+16135160166\">613-516-0166<\/a><\/span><\/p>\n\n\n\n<p class=\"gb-headline gb-headline-5d545883\"><span class=\"gb-icon\"><svg viewBox=\"0 0 64 64\" xmlns=\"http:\/\/www.w3.org\/2000\/svg\"><path d=\"M58.003 8H5.997a6 6 0 0 0-6 6v36a6 6 0 0 0 6 6h52.006a6 6 0 0 0 6-6V14a6 6 0 0 0-6-6zm4 41.11L43.085 30.193l18.918-12.056v30.975zM5.997 10h52.006c2.206 0 4 1.794 4 4v1.766L34.468 33.313c-1.49.95-3.394.92-4.85-.07L1.997 14.47V14c0-2.206 1.794-4 4-4zm-4 6.885 19.185 13.04L1.997 49.111V16.885zM58.003 54H5.997a4.005 4.005 0 0 1-3.677-2.428l20.52-20.52 5.655 3.844a6.41 6.41 0 0 0 7.046.104l5.842-3.724L61.68 51.572A4.005 4.005 0 0 1 58.003 54z\"><\/path><\/svg><\/span><span class=\"gb-headline-text\"><a href=\"mailto:info.on@renoliquidation.com\">info.on@renoliquidation.com<\/a><\/span><\/p>\n\n<\/div>\n\n<div class=\"gb-container gb-container-1f1b253b\">\n\n<iframe src=\"https:\/\/www.google.com\/maps\/embed?pb=!1m18!1m12!1m3!1d8185.89743907005!2d-75.84443137375418!3d45.323127179830244!2m3!1f0!2f0!3f0!3m2!1i1024!2i768!4f13.1!3m3!1m2!1s0x4ccdff518c00a235%3A0x1f98f555de22a5dd!2sReno%20Liquidation%20Ontario!5e0!3m2!1sen!2sca!4v1736888716036!5m2!1sen!2sca\" width=\"600\" height=\"250\" style=\"border:0;\" allowfullscreen=\"\" loading=\"lazy\" referrerpolicy=\"no-referrer-when-downgrade\"><\/iframe>\n\n<\/div>\n<\/div>\n<\/section>","protected":false},"excerpt":{"rendered":"<p>r\u00c9no Liquidation NOUS SOMMES ICI POUR VOUS SERVIR Contactez-nous et d\u00e9couvrez des offres incroyables sur &#8230; <a title=\"Contactez-nous\" class=\"read-more\" href=\"https:\/\/renoliquidation.com\/ontario\/fr\/contactez-nous\/\" aria-label=\"Read more about Contactez-nous\">Read more<\/a><\/p>\n","protected":false},"author":1,"featured_media":0,"parent":0,"menu_order":0,"comment_status":"closed","ping_status":"closed","template":"","meta":{"footnotes":""},"class_list":["post-3104","page","type-page","status-publish"],"lang":"fr","translations":{"fr":3104,"en":2813},"pll_sync_post":[],"_links":{"self":[{"href":"https:\/\/renoliquidation.com\/ontario\/wp-json\/wp\/v2\/pages\/3104","targetHints":{"allow":["GET"]}}],"collection":[{"href":"https:\/\/renoliquidation.com\/ontario\/wp-json\/wp\/v2\/pages"}],"about":[{"href":"https:\/\/renoliquidation.com\/ontario\/wp-json\/wp\/v2\/types\/page"}],"author":[{"embeddable":true,"href":"https:\/\/renoliquidation.com\/ontario\/wp-json\/wp\/v2\/users\/1"}],"replies":[{"embeddable":true,"href":"https:\/\/renoliquidation.com\/ontario\/wp-json\/wp\/v2\/comments?post=3104"}],"version-history":[{"count":3,"href":"https:\/\/renoliquidation.com\/ontario\/wp-json\/wp\/v2\/pages\/3104\/revisions"}],"predecessor-version":[{"id":3678,"href":"https:\/\/renoliquidation.com\/ontario\/wp-json\/wp\/v2\/pages\/3104\/revisions\/3678"}],"wp:attachment":[{"href":"https:\/\/renoliquidation.com\/ontario\/wp-json\/wp\/v2\/media?parent=3104"}],"curies":[{"name":"wp","href":"https:\/\/api.w.org\/{rel}","templated":true}]}}