{"id":3109,"date":"2025-01-29T21:16:40","date_gmt":"2025-01-29T21:16:40","guid":{"rendered":"https:\/\/renoliquidation.com\/ontario\/?page_id=3109"},"modified":"2025-02-06T19:33:34","modified_gmt":"2025-02-06T19:33:34","slug":"vanites-liquidation","status":"publish","type":"page","link":"https:\/\/renoliquidation.com\/ontario\/fr\/vanites-liquidation\/","title":{"rendered":"Vanit\u00e9s Liquidation"},"content":{"rendered":"<section class=\"gb-container gb-container-be5055e8\">\n<div class=\"gb-container gb-container-efb2b7b5\">\n\n<h2 class=\"gb-headline gb-headline-2032a524\"><span class=\"gb-icon\"><svg viewBox=\"0 0 24 24\" height=\"24\" width=\"24\" xmlns=\"http:\/\/www.w3.org\/2000\/svg\"><path d=\"M22 10h-4V7c0-1.66-1.34-3-3-3s-3 1.34-3 3h2c0-.55.45-1 1-1s1 .45 1 1v3H8c1.1 0 2-.9 2-2V4H4v4c0 1.1.9 2 2 2H2v2h2v8h16v-8h2zM6 6h2v2H6zm0 12v-6h5v6zm12 0h-5v-6h5z\" fill=\"currentColor\"><\/path><\/svg><\/span><span class=\"gb-headline-text\">Trouvez la <mark style=\"background-color:rgba(0, 0, 0, 0)\" class=\"has-inline-color has-accent-3-color\">vanit\u00e9 parfaite<\/mark><br>Pour le <mark style=\"background-color:rgba(0, 0, 0, 0)\" class=\"has-inline-color has-accent-3-color\">Bon Prix<\/mark><\/span><\/h2>\n\n\n\n<p style=\"font-size:18px\">Votre meuble de salle de bain est un article que vous utilisez tous les jours, il est donc essentiel d\u2019en choisir un que vous aimez vraiment. Chez Reno Liquidation, nous offrons une vaste s\u00e9lection de vanit\u00e9s en stock et en commande sp\u00e9ciale \u00e0 des prix imbattables. Arr\u00eatez-vous pour d\u00e9couvrir les options de vanit\u00e9 parfaites qui conviennent \u00e0 votre style et \u00e0 vos besoins.<\/p>\n\n\n\n<a class=\"gb-button gb-button-560778e1\" href=\"#quote\"><span class=\"gb-button-text\">Visitez notre salle de montre aujourd&#8217;hui<\/span><span class=\"gb-icon\"><svg viewBox=\"0 0 32 32\" height=\"32\" width=\"32\" xmlns=\"http:\/\/www.w3.org\/2000\/svg\"><path d=\"M22 22v6H6V4h10V2H6a2 2 0 0 0-2 2v24a2 2 0 0 0 2 2h16a2 2 0 0 0 2-2v-6Z\" fill=\"currentColor\"><\/path><path d=\"m29.54 5.76l-3.3-3.3a1.6 1.6 0 0 0-2.24 0l-14 14V22h5.53l14-14a1.6 1.6 0 0 0 0-2.24ZM14.7 20H12v-2.7l9.44-9.45l2.71 2.71ZM25.56 9.15l-2.71-2.71l2.27-2.27l2.71 2.71Z\" fill=\"currentColor\"><\/path><\/svg><\/span><\/a>\n\n<\/div>\n\n<div class=\"gb-container gb-container-413cf434\">\n<div class=\"gb-container gb-container-f7868e05\" style=\"background-image: url(https:\/\/renoliquidation.com\/ontario\/wp-content\/uploads\/2025\/02\/vanity-ON-1.jpg);\"><\/div>\n<\/div>\n<\/section>\n\n<section class=\"gb-container gb-container-fd78568e\">\n<div class=\"gb-container gb-container-299bbdda\">\n\n<h2 class=\"gb-headline gb-headline-4d0b0e54\"><span class=\"gb-icon\"><svg viewBox=\"0 0 24 24\" height=\"24\" width=\"24\" xmlns=\"http:\/\/www.w3.org\/2000\/svg\"><path d=\"M9.2 8.25L11.85 3h.3l2.65 5.25H9.2Zm2.05 11.85L2.625 9.75h8.625V20.1Zm1.5 0V9.75h8.625L12.75 20.1Zm3.7-11.85L13.85 3H19l2.625 5.25H16.45Zm-14.075 0L5 3h5.15l-2.6 5.25H2.375Z\" fill=\"currentColor\"><\/path><\/svg><\/span><span class=\"gb-headline-text\">Pourquoi acheter des vanit\u00e9s chez RENO Liquidation&nbsp;?<\/span><\/h2>\n\n\n\n<p style=\"font-size:18px\">Notre inventaire est constamment mis \u00e0 jour et nous avons une vari\u00e9t\u00e9 de vanit\u00e9s en stock et disponibles sur commande sp\u00e9ciale. Venez nous rendre visite en personne pour d\u00e9couvrir la s\u00e9lection actuelle que nous avons sous la main.<\/p>\n\n\n\n<ul class=\"wp-block-list\">\n<li style=\"font-size:18px\"><strong>Prix \u200b\u200bplus bas:<\/strong> Obtenez des vanit\u00e9s de haute qualit\u00e9 \u00e0 des prix imbattables, vous aidant ainsi \u00e0 respecter votre budget.<\/li>\n\n\n\n<li style=\"font-size:18px\"><strong>Vari\u00e9t\u00e9 de styles:<\/strong> Une vaste gamme de mod\u00e8les adapt\u00e9s \u00e0 tous les d\u00e9cors de salle de bain, du moderne au classique.<\/li>\n\n\n\n<li style=\"font-size:18px\"><strong>Artisanat durable:<\/strong> Con\u00e7u pour durer, en utilisant des mat\u00e9riaux durables pour une valeur \u00e0 long terme.<\/li>\n\n\n\n<li style=\"font-size:18px\"><strong>Options personnalisables:<\/strong> Personnalisez votre vanit\u00e9 avec diff\u00e9rentes finitions, tailles et choix de comptoirs.<\/li>\n\n\n\n<li style=\"font-size:18px\"><strong>Assistance experte:<\/strong> Service \u00e0 la client\u00e8le convivial pr\u00eat \u00e0 vous aider dans la s\u00e9lection des produits ou dans vos questions de livraison.<\/li>\n<\/ul>\n\n\n\n<p style=\"font-size:18px\">RENO Liquidation offre des vanit\u00e9s de salle de bain de haute qualit\u00e9 et abordables, en mettant l&#8217;accent sur le service \u00e0 la client\u00e8le et la satisfaction.<\/p>\n\n<\/div>\n<\/section>\n\n<section class=\"gb-container gb-container-ec78f0a8\">\n<div class=\"gb-container gb-container-ded62212\">\n\n<h2 class=\"gb-headline gb-headline-045bb2ac\"><span class=\"gb-icon\"><svg xmlns=\"http:\/\/www.w3.org\/2000\/svg\" width=\"24\" height=\"24\" viewBox=\"0 0 24 24\"><path fill=\"currentColor\" d=\"M22 10h-4V7c0-1.66-1.34-3-3-3s-3 1.34-3 3h2c0-.55.45-1 1-1s1 .45 1 1v3H8c1.1 0 2-.9 2-2V4H4v4c0 1.1.9 2 2 2H2v2h2v8h16v-8h2zM6 6h2v2H6zm0 12v-6h5v6zm12 0h-5v-6h5z\"><\/path><\/svg><\/span><span class=\"gb-headline-text\">Commencez votre prochain projet de salle de bain<\/span><\/h2>\n\n\n\n<p style=\"font-size:18px\">Chez Reno Liquidation, nous achetons des articles de haute qualit\u00e9 en gros aupr\u00e8s d&#8217;autres entreprises et vous faisons profiter des \u00e9conomies. Tous nos produits sont de la meilleure qualit\u00e9 et aux prix les plus bas.<\/p>\n\n\n\n<p style=\"font-size:18px\">Parce que notre inventaire en stock est bas\u00e9 sur ce qui est disponible dans d&#8217;autres magasins, il change r\u00e9guli\u00e8rement, vous offrant de nouvelles options parmi lesquelles choisir. Visitez-nous chez Reno Liquidation pour d\u00e9couvrir les vanit\u00e9s de salle de bain que nous avons en stock ou laissez-nous vous aider \u00e0 commander la vanit\u00e9 parfaite pour votre espace.<\/p>\n\n\n\n<a class=\"gb-button gb-button-74f8d44a\" href=\"#quote\"><span class=\"gb-button-text\">R\u00e9servez une visite dans notre salle de montre<\/span><span class=\"gb-icon\"><svg viewBox=\"0 0 2048 2048\" height=\"2048\" width=\"2048\" xmlns=\"http:\/\/www.w3.org\/2000\/svg\"><path d=\"M896 512v128H512V512zM512 896V768h384v128zm0 256v-128h256v128zM384 512v128H256V512zm0 256v128H256V768zm-128 384v-128h128v128zM128 128v1792h640v128H0V0h1115l549 549v219h-128V640h-512V128zm1024 91v293h293zm640 805h256v1024H896V1024h256V896h128v128h384V896h128zm128 896v-512h-896v512zm0-640v-128h-896v128z\" fill=\"currentColor\"><\/path><\/svg><\/span><\/a>\n\n<\/div>\n\n<div class=\"gb-container gb-container-1ef9e905\">\n<div class=\"gb-container gb-container-d36b5a8b\" style=\"background-image: url(https:\/\/renoliquidation.com\/ontario\/wp-content\/uploads\/2025\/01\/Bathroom_1.jpg);\"><\/div>\n<\/div>\n<\/section>","protected":false},"excerpt":{"rendered":"<p>Trouvez la vanit\u00e9 parfaitePour le Bon Prix Votre meuble de salle de bain est un &#8230; <a title=\"Vanit\u00e9s Liquidation\" class=\"read-more\" href=\"https:\/\/renoliquidation.com\/ontario\/fr\/vanites-liquidation\/\" aria-label=\"Read more about Vanit\u00e9s Liquidation\">Read more<\/a><\/p>\n","protected":false},"author":1,"featured_media":0,"parent":0,"menu_order":0,"comment_status":"closed","ping_status":"closed","template":"","meta":{"footnotes":""},"class_list":["post-3109","page","type-page","status-publish"],"lang":"fr","translations":{"fr":3109,"en":2807},"pll_sync_post":[],"_links":{"self":[{"href":"https:\/\/renoliquidation.com\/ontario\/wp-json\/wp\/v2\/pages\/3109","targetHints":{"allow":["GET"]}}],"collection":[{"href":"https:\/\/renoliquidation.com\/ontario\/wp-json\/wp\/v2\/pages"}],"about":[{"href":"https:\/\/renoliquidation.com\/ontario\/wp-json\/wp\/v2\/types\/page"}],"author":[{"embeddable":true,"href":"https:\/\/renoliquidation.com\/ontario\/wp-json\/wp\/v2\/users\/1"}],"replies":[{"embeddable":true,"href":"https:\/\/renoliquidation.com\/ontario\/wp-json\/wp\/v2\/comments?post=3109"}],"version-history":[{"count":2,"href":"https:\/\/renoliquidation.com\/ontario\/wp-json\/wp\/v2\/pages\/3109\/revisions"}],"predecessor-version":[{"id":3313,"href":"https:\/\/renoliquidation.com\/ontario\/wp-json\/wp\/v2\/pages\/3109\/revisions\/3313"}],"wp:attachment":[{"href":"https:\/\/renoliquidation.com\/ontario\/wp-json\/wp\/v2\/media?parent=3109"}],"curies":[{"name":"wp","href":"https:\/\/api.w.org\/{rel}","templated":true}]}}