{"id":3297,"date":"2025-02-05T19:36:33","date_gmt":"2025-02-05T19:36:33","guid":{"rendered":"https:\/\/renoliquidation.com\/ontario\/?page_id=3297"},"modified":"2026-04-01T19:38:44","modified_gmt":"2026-04-01T19:38:44","slug":"vente-flash","status":"publish","type":"page","link":"https:\/\/renoliquidation.com\/ontario\/fr\/vente-flash\/","title":{"rendered":"Vente Flash"},"content":{"rendered":"<div class=\"gb-container gb-container-d1596038\">\n<section class=\"gb-container gb-container-c718eccb\">\n<div class=\"gb-container gb-container-fcfd8a4f\">\n\n<h2 class=\"gb-headline gb-headline-0a18e5e4\"><span class=\"gb-icon\"><svg aria-hidden=\"true\" role=\"img\" height=\"1em\" width=\"1em\" viewBox=\"0 0 640 512\" xmlns=\"http:\/\/www.w3.org\/2000\/svg\"><path fill=\"currentColor\" d=\"M497.941 225.941L286.059 14.059A48 48 0 0 0 252.118 0H48C21.49 0 0 21.49 0 48v204.118a48 48 0 0 0 14.059 33.941l211.882 211.882c18.744 18.745 49.136 18.746 67.882 0l204.118-204.118c18.745-18.745 18.745-49.137 0-67.882zM112 160c-26.51 0-48-21.49-48-48s21.49-48 48-48 48 21.49 48 48-21.49 48-48 48zm513.941 133.823L421.823 497.941c-18.745 18.745-49.137 18.745-67.882 0l-.36-.36L527.64 323.522c16.999-16.999 26.36-39.6 26.36-63.64s-9.362-46.641-26.36-63.64L331.397 0h48.721a48 48 0 0 1 33.941 14.059l211.882 211.882c18.745 18.745 18.745 49.137 0 67.882z\"><\/path><\/svg><\/span><span class=\"gb-headline-text\"><a href=\"#quote\">Folie du Printemps Cuisines compl\u00e8tes jusqu&#8217;\u00e0 75% de rabais + \u00e9vier et robinet offerts !<\/a><\/span><\/h2>\n\n\n\n<p style=\"font-size:18px\"><strong>Livraison&nbsp;partout en Ontario, \u00e0&nbsp;l\u2019achat d\u2019une cuisine compl\u00e8te de 10\u2032 x 10\u2032 \u00e0 partir de 999$!<\/strong><\/p>\n\n\n\n<p>*Sur mod\u00e8les s\u00e9lectionn\u00e9s. Conditions en magasins.<\/p>\n\n\n\n<a class=\"gb-button gb-button-9e736e66\" href=\"#quote\"><span class=\"gb-button-text\">Obtenez un devis GRATUIT<\/span><span class=\"gb-icon\"><svg viewBox=\"0 0 32 32\" height=\"32\" width=\"32\" xmlns=\"http:\/\/www.w3.org\/2000\/svg\"><path d=\"M22 22v6H6V4h10V2H6a2 2 0 0 0-2 2v24a2 2 0 0 0 2 2h16a2 2 0 0 0 2-2v-6Z\" fill=\"currentColor\"><\/path><path d=\"m29.54 5.76l-3.3-3.3a1.6 1.6 0 0 0-2.24 0l-14 14V22h5.53l14-14a1.6 1.6 0 0 0 0-2.24ZM14.7 20H12v-2.7l9.44-9.45l2.71 2.71ZM25.56 9.15l-2.71-2.71l2.27-2.27l2.71 2.71Z\" fill=\"currentColor\"><\/path><\/svg><\/span><\/a>\n\n<\/div>\n\n<div class=\"gb-container gb-container-290814b3\">\n<div class=\"gb-container gb-container-d2bedb5a\">\n\n<div class=\"wp-block-superblockslider-slider superblockslider\" style=\"height:50vh;width:100%\" data-transition-duration=\".6s\" data-animation=\"cubic-bezier(0.46, 0.03, 0.52, 0.96)\" data-transition-effect=\"fade\" data-autoplay-interval=\"2s\" data-slide-navigation=\"none\" data-arrow-navigation=\"false\"><div class=\"superblockslider__window\"><div class=\"superblockslider__track\">\n<div class=\"wp-block-superblockslider-slide superblockslider__slide superblockslider__slide--active is-vertical-center\" data-slide-index=\"0\" style=\"transition-duration:.6s;transition-timing-function:cubic-bezier(0.46, 0.03, 0.52, 0.96)\"><div class=\"superblockslider__slide__bg\"><img fetchpriority=\"high\" decoding=\"async\" class=\"image--xl visible--xl visible--sm visible--md visible--lg\" src=\"https:\/\/renoliquidation.com\/ontario\/wp-content\/uploads\/2026\/04\/24.webp\" width=\"1080\" height=\"1350\" title=\"24\" alt=\"\" loading=\"eager\" srcset=\"https:\/\/renoliquidation.com\/ontario\/wp-content\/uploads\/2026\/04\/24-150x150.webp 150w,https:\/\/renoliquidation.com\/ontario\/wp-content\/uploads\/2026\/04\/24-240x300.webp 240w,https:\/\/renoliquidation.com\/ontario\/wp-content\/uploads\/2026\/04\/24-819x1024.webp 819w,https:\/\/renoliquidation.com\/ontario\/wp-content\/uploads\/2026\/04\/24.webp 1080w,\" sizes=\"(max-width: 1080px) 100vw, 1080px\" style=\"object-fit:contain;object-position:50% 50%\"\/><\/div><div class=\"superblockslider__slide__overlay\" style=\"background-color:var(--contrast);opacity:0\"><\/div><div class=\"superblockslider__slide_inner\"><div class=\"inner-blocks\" style=\"overflow:hidden\"><\/div><\/div><a class=\"superblockslider__slide__link\" href=\"#\" target=\"_new\" rel=\"noopener\"><\/a><\/div>\n<\/div><\/div><\/div>\n\n<\/div>\n<\/div>\n<\/section>\n\n<section class=\"gb-container gb-container-be5055e8\">\n<div class=\"gb-container gb-container-efb2b7b5\">\n\n<h2 class=\"gb-headline gb-headline-2032a524\"><span class=\"gb-icon\"><svg aria-hidden=\"true\" role=\"img\" height=\"1em\" width=\"1em\" viewBox=\"0 0 640 512\" xmlns=\"http:\/\/www.w3.org\/2000\/svg\"><path fill=\"currentColor\" d=\"M497.941 225.941L286.059 14.059A48 48 0 0 0 252.118 0H48C21.49 0 0 21.49 0 48v204.118a48 48 0 0 0 14.059 33.941l211.882 211.882c18.744 18.745 49.136 18.746 67.882 0l204.118-204.118c18.745-18.745 18.745-49.137 0-67.882zM112 160c-26.51 0-48-21.49-48-48s21.49-48 48-48 48 21.49 48 48-21.49 48-48 48zm513.941 133.823L421.823 497.941c-18.745 18.745-49.137 18.745-67.882 0l-.36-.36L527.64 323.522c16.999-16.999 26.36-39.6 26.36-63.64s-9.362-46.641-26.36-63.64L331.397 0h48.721a48 48 0 0 1 33.941 14.059l211.882 211.882c18.745 18.745 18.745 49.137 0 67.882z\"><\/path><\/svg><\/span><span class=\"gb-headline-text\"><strong><strong><a href=\"#quote\">Armoires de cuisine 10 pieds x 10 pieds <mark class=\"gb-highlight\"><mark style=\"background-color:rgba(0, 0, 0, 0)\" class=\"has-inline-color has-accent-3-color\">\u00e0 partir de 999 $<\/mark><\/mark><\/a><\/strong><\/strong><\/span><\/h2>\n\n\n\n<p style=\"font-size:18px\"><strong><strong><strong><strong><strong><strong><strong>Promotions \u00e0 dur\u00e9e limit\u00e9e<\/strong><\/strong><\/strong><\/strong><\/strong><\/strong><\/strong><\/p>\n\n\n\n<a class=\"gb-button gb-button-560778e1\" href=\"#quote\"><span class=\"gb-button-text\">Obtenez un devis GRATUIT<\/span><span class=\"gb-icon\"><svg viewBox=\"0 0 32 32\" height=\"32\" width=\"32\" xmlns=\"http:\/\/www.w3.org\/2000\/svg\"><path d=\"M22 22v6H6V4h10V2H6a2 2 0 0 0-2 2v24a2 2 0 0 0 2 2h16a2 2 0 0 0 2-2v-6Z\" fill=\"currentColor\"><\/path><path d=\"m29.54 5.76l-3.3-3.3a1.6 1.6 0 0 0-2.24 0l-14 14V22h5.53l14-14a1.6 1.6 0 0 0 0-2.24ZM14.7 20H12v-2.7l9.44-9.45l2.71 2.71ZM25.56 9.15l-2.71-2.71l2.27-2.27l2.71 2.71Z\" fill=\"currentColor\"><\/path><\/svg><\/span><\/a>\n\n<\/div>\n\n<div class=\"gb-container gb-container-413cf434\">\n<div class=\"gb-container gb-container-bd42ec60\">\n\n<div class=\"wp-block-superblockslider-slider superblockslider\" style=\"height:50vh;width:100%\" data-transition-duration=\".6s\" data-animation=\"cubic-bezier(0.46, 0.03, 0.52, 0.96)\" data-transition-effect=\"fade\" data-autoplay-interval=\"2s\" data-slide-navigation=\"none\" data-arrow-navigation=\"false\"><div class=\"superblockslider__window\"><div class=\"superblockslider__track\">\n<div class=\"wp-block-superblockslider-slide superblockslider__slide superblockslider__slide--active is-vertical-center\" data-slide-index=\"0\" style=\"transition-duration:.6s;transition-timing-function:cubic-bezier(0.46, 0.03, 0.52, 0.96)\"><div class=\"superblockslider__slide__bg\"><img decoding=\"async\" class=\"image--xl visible--xl visible--sm visible--md visible--lg\" src=\"https:\/\/renoliquidation.com\/quebec\/wp-content\/uploads\/2025\/02\/5721737220112_.pic_.jpg\" width=\"1600\" height=\"1200\" title=\"5721737220112_.pic\" alt=\"\" loading=\"eager\" srcset=\"https:\/\/renoliquidation.com\/quebec\/wp-content\/uploads\/2025\/02\/5721737220112_.pic_-150x150.jpg 150w,https:\/\/renoliquidation.com\/quebec\/wp-content\/uploads\/2025\/02\/5721737220112_.pic_-300x225.jpg 300w,https:\/\/renoliquidation.com\/quebec\/wp-content\/uploads\/2025\/02\/5721737220112_.pic_-1024x768.jpg 1024w,https:\/\/renoliquidation.com\/quebec\/wp-content\/uploads\/2025\/02\/5721737220112_.pic_.jpg 1600w,\" sizes=\"(max-width: 1600px) 100vw, 1600px\" style=\"object-fit:cover;object-position:50% 49%\"\/><\/div><div class=\"superblockslider__slide__overlay\" style=\"background-color:var(--contrast);opacity:0\"><\/div><div class=\"superblockslider__slide_inner\"><div class=\"inner-blocks\" style=\"overflow:hidden\"><\/div><\/div><a class=\"superblockslider__slide__link\" href=\"#quote\" target=\"_new\" rel=\"noopener\"><\/a><\/div>\n\n\n\n<div class=\"wp-block-superblockslider-slide superblockslider__slide is-vertical-center\" data-slide-index=\"1\" style=\"transition-duration:.6s;transition-timing-function:cubic-bezier(0.46, 0.03, 0.52, 0.96)\"><div class=\"superblockslider__slide__bg\"><img decoding=\"async\" class=\"image--xl visible--xl visible--sm visible--md visible--lg\" src=\"https:\/\/renoliquidation.com\/quebec\/wp-content\/uploads\/2025\/01\/9e7422947ebbf76bb277419d3370ba80.jpg\" width=\"1707\" height=\"1280\" title=\"9e7422947ebbf76bb277419d3370ba80\" alt=\"\" loading=\"eager\" srcset=\"https:\/\/renoliquidation.com\/quebec\/wp-content\/uploads\/2025\/01\/9e7422947ebbf76bb277419d3370ba80-150x150.jpg 150w,https:\/\/renoliquidation.com\/quebec\/wp-content\/uploads\/2025\/01\/9e7422947ebbf76bb277419d3370ba80-300x225.jpg 300w,https:\/\/renoliquidation.com\/quebec\/wp-content\/uploads\/2025\/01\/9e7422947ebbf76bb277419d3370ba80-1024x768.jpg 1024w,https:\/\/renoliquidation.com\/quebec\/wp-content\/uploads\/2025\/01\/9e7422947ebbf76bb277419d3370ba80.jpg 1707w,\" sizes=\"(max-width: 1707px) 100vw, 1707px\" style=\"object-fit:cover;object-position:50% 50%\"\/><\/div><div class=\"superblockslider__slide__overlay\" style=\"background-color:var(--contrast);opacity:0\"><\/div><div class=\"superblockslider__slide_inner\"><div class=\"inner-blocks\" style=\"overflow:hidden\"><\/div><\/div><a class=\"superblockslider__slide__link\" href=\"#quote\" rel=\"noopener\"><\/a><\/div>\n\n\n\n<div class=\"wp-block-superblockslider-slide superblockslider__slide is-vertical-center\" data-slide-index=\"2\" style=\"transition-duration:.6s;transition-timing-function:cubic-bezier(0.46, 0.03, 0.52, 0.96)\"><div class=\"superblockslider__slide__bg\"><img decoding=\"async\" class=\"image--xl visible--xl visible--sm visible--md visible--lg\" src=\"https:\/\/renoliquidation.com\/quebec\/wp-content\/uploads\/2025\/01\/Home-banner-1.jpg\" width=\"1920\" height=\"1080\" title=\"Home banner-1\" alt=\"\" loading=\"eager\" srcset=\"https:\/\/renoliquidation.com\/quebec\/wp-content\/uploads\/2025\/01\/Home-banner-1-150x150.jpg 150w,https:\/\/renoliquidation.com\/quebec\/wp-content\/uploads\/2025\/01\/Home-banner-1-300x169.jpg 300w,https:\/\/renoliquidation.com\/quebec\/wp-content\/uploads\/2025\/01\/Home-banner-1-1024x576.jpg 1024w,https:\/\/renoliquidation.com\/quebec\/wp-content\/uploads\/2025\/01\/Home-banner-1.jpg 1920w,\" sizes=\"(max-width: 1920px) 100vw, 1920px\" style=\"object-fit:cover;object-position:49% 56.00000000000001%\"\/><\/div><div class=\"superblockslider__slide__overlay\" style=\"background-color:var(--contrast);opacity:0\"><\/div><div class=\"superblockslider__slide_inner\"><div class=\"inner-blocks\" style=\"overflow:hidden\"><\/div><\/div><a class=\"superblockslider__slide__link\" href=\"#quote\" rel=\"noopener\"><\/a><\/div>\n<\/div><\/div><\/div>\n\n<\/div>\n<\/div>\n<\/section>\n\n<section class=\"gb-container gb-container-6621904a\">\n<div class=\"gb-container gb-container-0d098ebe\">\n\n<h2 class=\"gb-headline gb-headline-9d57e33a\"><span class=\"gb-icon\"><svg aria-hidden=\"true\" role=\"img\" height=\"1em\" width=\"1em\" viewBox=\"0 0 640 512\" xmlns=\"http:\/\/www.w3.org\/2000\/svg\"><path fill=\"currentColor\" d=\"M497.941 225.941L286.059 14.059A48 48 0 0 0 252.118 0H48C21.49 0 0 21.49 0 48v204.118a48 48 0 0 0 14.059 33.941l211.882 211.882c18.744 18.745 49.136 18.746 67.882 0l204.118-204.118c18.745-18.745 18.745-49.137 0-67.882zM112 160c-26.51 0-48-21.49-48-48s21.49-48 48-48 48 21.49 48 48-21.49 48-48 48zm513.941 133.823L421.823 497.941c-18.745 18.745-49.137 18.745-67.882 0l-.36-.36L527.64 323.522c16.999-16.999 26.36-39.6 26.36-63.64s-9.362-46.641-26.36-63.64L331.397 0h48.721a48 48 0 0 1 33.941 14.059l211.882 211.882c18.745 18.745 18.745 49.137 0 67.882z\"><\/path><\/svg><\/span><span class=\"gb-headline-text\"><a href=\"#quote\">plancher vinyle de haute qualit\u00e9 \u00e0 <mark style=\"background-color:rgba(0, 0, 0, 0)\" class=\"has-inline-color has-accent-3-color\">seulement 1,49 $\/pi\u00b2<\/mark><\/a><\/span><\/h2>\n\n\n\n<p style=\"font-size:18px\"><strong>Prix \u200b\u200ble plus bas&nbsp;!<strong><strong><strong><strong><strong><strong><strong> \u2728<\/strong><\/strong><\/strong><\/strong><\/strong><\/strong><\/strong><\/strong><\/p>\n\n\n\n<a class=\"gb-button gb-button-3f912364\" href=\"#quote\"><span class=\"gb-button-text\">Obtenez un devis GRATUIT<\/span><span class=\"gb-icon\"><svg viewBox=\"0 0 32 32\" height=\"32\" width=\"32\" xmlns=\"http:\/\/www.w3.org\/2000\/svg\"><path d=\"M22 22v6H6V4h10V2H6a2 2 0 0 0-2 2v24a2 2 0 0 0 2 2h16a2 2 0 0 0 2-2v-6Z\" fill=\"currentColor\"><\/path><path d=\"m29.54 5.76l-3.3-3.3a1.6 1.6 0 0 0-2.24 0l-14 14V22h5.53l14-14a1.6 1.6 0 0 0 0-2.24ZM14.7 20H12v-2.7l9.44-9.45l2.71 2.71ZM25.56 9.15l-2.71-2.71l2.27-2.27l2.71 2.71Z\" fill=\"currentColor\"><\/path><\/svg><\/span><\/a>\n\n<\/div>\n\n<div class=\"gb-container gb-container-5500169a\">\n<div class=\"gb-container gb-container-2d4afcc2\">\n\n<div class=\"wp-block-superblockslider-slider superblockslider\" style=\"height:50vh;width:100%\" data-transition-duration=\".6s\" data-animation=\"cubic-bezier(0.46, 0.03, 0.52, 0.96)\" data-transition-effect=\"fade\" data-autoplay-interval=\"2s\" data-slide-navigation=\"none\" data-arrow-navigation=\"false\"><div class=\"superblockslider__window\"><div class=\"superblockslider__track\">\n<div class=\"wp-block-superblockslider-slide superblockslider__slide superblockslider__slide--active is-vertical-center\" data-slide-index=\"0\" style=\"transition-duration:.6s;transition-timing-function:cubic-bezier(0.46, 0.03, 0.52, 0.96)\"><div class=\"superblockslider__slide__bg\"><img decoding=\"async\" class=\"image--xl visible--xl visible--sm visible--md visible--lg\" src=\"https:\/\/renoliquidation.com\/ontario\/wp-content\/uploads\/2025\/06\/Plancher-Vinyle-1.49.webp\" width=\"1080\" height=\"1350\" title=\"Plancher Vinyle 1.49\" alt=\"Plancher Vinyle 1.49\" loading=\"eager\" srcset=\"https:\/\/renoliquidation.com\/ontario\/wp-content\/uploads\/2025\/06\/Plancher-Vinyle-1.49-150x150.webp 150w,https:\/\/renoliquidation.com\/ontario\/wp-content\/uploads\/2025\/06\/Plancher-Vinyle-1.49-240x300.webp 240w,https:\/\/renoliquidation.com\/ontario\/wp-content\/uploads\/2025\/06\/Plancher-Vinyle-1.49-819x1024.webp 819w,https:\/\/renoliquidation.com\/ontario\/wp-content\/uploads\/2025\/06\/Plancher-Vinyle-1.49.webp 1080w,\" sizes=\"(max-width: 1080px) 100vw, 1080px\" style=\"object-fit:contain;object-position:50% 50%\"\/><\/div><div class=\"superblockslider__slide__overlay\" style=\"background-color:var(--contrast);opacity:0\"><\/div><div class=\"superblockslider__slide_inner\"><div class=\"inner-blocks\" style=\"overflow:hidden\"><\/div><\/div><a class=\"superblockslider__slide__link\" href=\"#\" target=\"_new\" rel=\"noopener\"><\/a><\/div>\n<\/div><\/div><\/div>\n\n<\/div>\n<\/div>\n<\/section>\n\n<section class=\"gb-container gb-container-0b5a3b79\">\n<div class=\"gb-container gb-container-0aa9c7f8\">\n\n<h2 class=\"gb-headline gb-headline-bd0f0208\"><span class=\"gb-icon\"><svg aria-hidden=\"true\" role=\"img\" height=\"1em\" width=\"1em\" viewBox=\"0 0 640 512\" xmlns=\"http:\/\/www.w3.org\/2000\/svg\"><path fill=\"currentColor\" d=\"M497.941 225.941L286.059 14.059A48 48 0 0 0 252.118 0H48C21.49 0 0 21.49 0 48v204.118a48 48 0 0 0 14.059 33.941l211.882 211.882c18.744 18.745 49.136 18.746 67.882 0l204.118-204.118c18.745-18.745 18.745-49.137 0-67.882zM112 160c-26.51 0-48-21.49-48-48s21.49-48 48-48 48 21.49 48 48-21.49 48-48 48zm513.941 133.823L421.823 497.941c-18.745 18.745-49.137 18.745-67.882 0l-.36-.36L527.64 323.522c16.999-16.999 26.36-39.6 26.36-63.64s-9.362-46.641-26.36-63.64L331.397 0h48.721a48 48 0 0 1 33.941 14.059l211.882 211.882c18.745 18.745 18.745 49.137 0 67.882z\"><\/path><\/svg><\/span><span class=\"gb-headline-text\"><strong><strong><strong><strong><a href=\"#quote\"><mark style=\"background-color:rgba(0, 0, 0, 0)\" class=\"has-inline-color has-accent-3-color\">Jusqu&#8217;\u00e0 60% de rabais<\/mark> sur certains \u00e9viers et robinets<\/a><\/strong><\/strong><\/strong><\/strong><\/span><\/h2>\n\n\n\n<p class=\"has-base-2-color has-text-color has-link-color wp-elements-e44daabe018cbfde0289facab5a97d7a\" style=\"font-size:18px\"><strong><strong><strong><strong><strong><strong><strong><strong>\u00c9conomisez gros sur les <strong><strong><strong><strong><a href=\"#quote\">\u00e9viers et robinets<\/a><\/strong><\/strong><\/strong><\/strong><\/strong><\/strong><\/strong><\/strong><\/strong><\/strong><\/strong><\/strong><\/p>\n\n\n\n<a class=\"gb-button gb-button-463ed9c3\" href=\"#quote\"><span class=\"gb-button-text\">Obtenez un devis GRATUIT<\/span><span class=\"gb-icon\"><svg viewBox=\"0 0 32 32\" height=\"32\" width=\"32\" xmlns=\"http:\/\/www.w3.org\/2000\/svg\"><path d=\"M22 22v6H6V4h10V2H6a2 2 0 0 0-2 2v24a2 2 0 0 0 2 2h16a2 2 0 0 0 2-2v-6Z\" fill=\"currentColor\"><\/path><path d=\"m29.54 5.76l-3.3-3.3a1.6 1.6 0 0 0-2.24 0l-14 14V22h5.53l14-14a1.6 1.6 0 0 0 0-2.24ZM14.7 20H12v-2.7l9.44-9.45l2.71 2.71ZM25.56 9.15l-2.71-2.71l2.27-2.27l2.71 2.71Z\" fill=\"currentColor\"><\/path><\/svg><\/span><\/a>\n\n<\/div>\n\n<div class=\"gb-container gb-container-7c3e65c9\">\n<div class=\"gb-container gb-container-752339ea\">\n\n<div class=\"wp-block-superblockslider-slider superblockslider\" style=\"height:50vh;width:100%\" data-transition-duration=\".6s\" data-animation=\"cubic-bezier(0.46, 0.03, 0.52, 0.96)\" data-transition-effect=\"fade\" data-autoplay-interval=\"2s\" data-slide-navigation=\"none\" data-arrow-navigation=\"false\"><div class=\"superblockslider__window\"><div class=\"superblockslider__track\">\n<div class=\"wp-block-superblockslider-slide superblockslider__slide superblockslider__slide--active is-vertical-center\" data-slide-index=\"0\" style=\"transition-duration:.6s;transition-timing-function:cubic-bezier(0.46, 0.03, 0.52, 0.96)\"><div class=\"superblockslider__slide__bg\"><img decoding=\"async\" class=\"image--xl visible--xl visible--sm visible--md visible--lg\" src=\"https:\/\/renoliquidation.com\/ontario\/wp-content\/uploads\/2025\/02\/Sink-on.jpg\" width=\"1706\" height=\"1280\" title=\"Sink on\" alt=\"\" loading=\"eager\" srcset=\"https:\/\/renoliquidation.com\/ontario\/wp-content\/uploads\/2025\/02\/Sink-on-150x150.jpg 150w,https:\/\/renoliquidation.com\/ontario\/wp-content\/uploads\/2025\/02\/Sink-on-300x225.jpg 300w,https:\/\/renoliquidation.com\/ontario\/wp-content\/uploads\/2025\/02\/Sink-on-1024x768.jpg 1024w,https:\/\/renoliquidation.com\/ontario\/wp-content\/uploads\/2025\/02\/Sink-on.jpg 1706w,\" sizes=\"(max-width: 1706px) 100vw, 1706px\" style=\"object-fit:cover;object-position:50% 50%\"\/><\/div><div class=\"superblockslider__slide__overlay\" style=\"background-color:var(--contrast);opacity:0\"><\/div><div class=\"superblockslider__slide_inner\"><div class=\"inner-blocks\" style=\"overflow:hidden\"><\/div><\/div><a class=\"superblockslider__slide__link\" href=\"#quote\" target=\"_new\" rel=\"noopener\"><\/a><\/div>\n\n\n\n<div class=\"wp-block-superblockslider-slide superblockslider__slide is-vertical-center\" data-slide-index=\"1\" style=\"transition-duration:.6s;transition-timing-function:cubic-bezier(0.46, 0.03, 0.52, 0.96)\"><div class=\"superblockslider__slide__bg\"><img decoding=\"async\" class=\"image--xl visible--xl visible--sm visible--md visible--lg\" src=\"https:\/\/renoliquidation.com\/ontario\/wp-content\/uploads\/2025\/02\/sink-on2.jpg\" width=\"1280\" height=\"1706\" title=\"sink on2\" alt=\"\" loading=\"eager\" srcset=\"https:\/\/renoliquidation.com\/ontario\/wp-content\/uploads\/2025\/02\/sink-on2-150x150.jpg 150w,https:\/\/renoliquidation.com\/ontario\/wp-content\/uploads\/2025\/02\/sink-on2-225x300.jpg 225w,https:\/\/renoliquidation.com\/ontario\/wp-content\/uploads\/2025\/02\/sink-on2-768x1024.jpg 768w,https:\/\/renoliquidation.com\/ontario\/wp-content\/uploads\/2025\/02\/sink-on2.jpg 1280w,\" sizes=\"(max-width: 1280px) 100vw, 1280px\" style=\"object-fit:cover;object-position:50% 50%\"\/><\/div><div class=\"superblockslider__slide__overlay\" style=\"background-color:var(--contrast);opacity:0\"><\/div><div class=\"superblockslider__slide_inner\"><div class=\"inner-blocks\" style=\"overflow:hidden\"><\/div><\/div><a class=\"superblockslider__slide__link\" href=\"#quote\" target=\"_new\" rel=\"noopener\"><\/a><\/div>\n\n\n\n<div class=\"wp-block-superblockslider-slide superblockslider__slide is-vertical-center\" data-slide-index=\"2\" style=\"transition-duration:.6s;transition-timing-function:cubic-bezier(0.46, 0.03, 0.52, 0.96)\"><div class=\"superblockslider__slide__bg\"><img decoding=\"async\" class=\"image--xl visible--xl visible--sm visible--md visible--lg\" src=\"https:\/\/renoliquidation.com\/ontario\/wp-content\/uploads\/2025\/02\/Sink-on-3.jpg\" width=\"1706\" height=\"1280\" title=\"Sink on 3\" alt=\"\" loading=\"eager\" srcset=\"https:\/\/renoliquidation.com\/ontario\/wp-content\/uploads\/2025\/02\/Sink-on-3-150x150.jpg 150w,https:\/\/renoliquidation.com\/ontario\/wp-content\/uploads\/2025\/02\/Sink-on-3-300x225.jpg 300w,https:\/\/renoliquidation.com\/ontario\/wp-content\/uploads\/2025\/02\/Sink-on-3-1024x768.jpg 1024w,https:\/\/renoliquidation.com\/ontario\/wp-content\/uploads\/2025\/02\/Sink-on-3.jpg 1706w,\" sizes=\"(max-width: 1706px) 100vw, 1706px\" style=\"object-fit:cover;object-position:50% 50%\"\/><\/div><div class=\"superblockslider__slide__overlay\" style=\"background-color:var(--contrast);opacity:0\"><\/div><div class=\"superblockslider__slide_inner\"><div class=\"inner-blocks\" style=\"overflow:hidden\"><\/div><\/div><a class=\"superblockslider__slide__link\" href=\"#quote\" target=\"_new\" rel=\"noopener\"><\/a><\/div>\n<\/div><\/div><\/div>\n\n<\/div>\n<\/div>\n<\/section>\n<\/div>","protected":false},"excerpt":{"rendered":"<p>Folie du Printemps Cuisines compl\u00e8tes jusqu&#8217;\u00e0 75% de rabais + \u00e9vier et robinet offerts ! &#8230; <a title=\"Vente Flash\" class=\"read-more\" href=\"https:\/\/renoliquidation.com\/ontario\/fr\/vente-flash\/\" aria-label=\"Read more about Vente Flash\">Read more<\/a><\/p>\n","protected":false},"author":1,"featured_media":0,"parent":0,"menu_order":0,"comment_status":"closed","ping_status":"closed","template":"","meta":{"footnotes":""},"class_list":["post-3297","page","type-page","status-publish"],"lang":"fr","translations":{"fr":3297,"en":3295},"pll_sync_post":[],"_links":{"self":[{"href":"https:\/\/renoliquidation.com\/ontario\/wp-json\/wp\/v2\/pages\/3297","targetHints":{"allow":["GET"]}}],"collection":[{"href":"https:\/\/renoliquidation.com\/ontario\/wp-json\/wp\/v2\/pages"}],"about":[{"href":"https:\/\/renoliquidation.com\/ontario\/wp-json\/wp\/v2\/types\/page"}],"author":[{"embeddable":true,"href":"https:\/\/renoliquidation.com\/ontario\/wp-json\/wp\/v2\/users\/1"}],"replies":[{"embeddable":true,"href":"https:\/\/renoliquidation.com\/ontario\/wp-json\/wp\/v2\/comments?post=3297"}],"version-history":[{"count":6,"href":"https:\/\/renoliquidation.com\/ontario\/wp-json\/wp\/v2\/pages\/3297\/revisions"}],"predecessor-version":[{"id":3697,"href":"https:\/\/renoliquidation.com\/ontario\/wp-json\/wp\/v2\/pages\/3297\/revisions\/3697"}],"wp:attachment":[{"href":"https:\/\/renoliquidation.com\/ontario\/wp-json\/wp\/v2\/media?parent=3297"}],"curies":[{"name":"wp","href":"https:\/\/api.w.org\/{rel}","templated":true}]}}