{"id":3386,"date":"2025-04-08T22:27:02","date_gmt":"2025-04-08T22:27:02","guid":{"rendered":"https:\/\/renoliquidation.com\/ontario\/?page_id=3386"},"modified":"2025-06-01T16:23:23","modified_gmt":"2025-06-01T16:23:23","slug":"planchers","status":"publish","type":"page","link":"https:\/\/renoliquidation.com\/ontario\/fr\/planchers\/","title":{"rendered":"Planchers"},"content":{"rendered":"<section class=\"gb-container gb-container-be5055e8\">\n<div class=\"gb-container gb-container-efb2b7b5\">\n\n<h2 class=\"gb-headline gb-headline-2032a524\"><span class=\"gb-icon\"><svg viewBox=\"0 0 24 24\" height=\"24\" width=\"24\" xmlns=\"http:\/\/www.w3.org\/2000\/svg\"><path d=\"m7.424 16.122l.176-.029l.899 5.573l-.176.029zm-2.401 5.506l.625-5.53l.177.02l-.625 5.53zM7.99 19.71l-.028-.178H5.45l-.02.178zm-.894-3.56l.388 3.371h.18l-.392-3.393zm.632 3.941l-.042-.37h-.179l.045.39zm-3.114-.005l.658-3.994l.175.03l-.658 3.993zm2.735-1.642l-1.777-.011l-.02.177l1.818.012zm-2.3.163l.303.002l.02-.178l-.295-.002zm1.13.018l.393.896h.194l-.392-.895zm-.954-3.269c-.054.079-.245.417-.176.6h1.8l1.608-.016a.46.46 0 0 0 .091-.416a.65.65 0 0 0-.275-.389a1.07 1.07 0 0 0-.63-.2h-.017l-1.564.021a1.05 1.05 0 0 0-.487.124a.94.94 0 0 0-.35.276m-.3.354a1.5 1.5 0 0 1 .193-.429a1 1 0 0 1 .36-.3a4 4 0 0 0-.566.05c-.09.022-.2.061-.226.116s0 .1.035.2a4 4 0 0 0 .203.363m7.703.462l.175-.028l.9 5.573l-.176.028zm-2.398 5.495l.623-5.531l.177.02l-.623 5.531zm2.965-1.907l-.028-.177h-2.514l-.02.177zm-.262.382l-.042-.371h-.179l.045.391zm-.065-.57l-.39-3.393l-.177.02l.388 3.373zm-3.05.565l.659-3.994l.175.029l-.658 3.994zm.435-1.48l.304.002l.02-.177l-.295-.002zm2.301-.162l-1.777-.012l-.02.178l1.817.012zm-1.17.181l.393.896h.194l-.392-.895zm2.092-3.49a1.06 1.06 0 0 0-.63-.2h-.015l-1.564.021a1.06 1.06 0 0 0-.487.123a.94.94 0 0 0-.35.28c-.055.079-.245.417-.176.6h1.8l1.608-.014a.45.45 0 0 0 .091-.415a.65.65 0 0 0-.277-.395m-3.153.148a1 1 0 0 1 .358-.3a5 5 0 0 0-.565.049c-.089.023-.2.062-.225.117s0 .1.035.2a4 4 0 0 0 .2.366a1.5 1.5 0 0 1 .197-.432m6.744-7.503h2.486v.337h-2.486zm0-1.783h2.486v.343h-2.486zM5.258 5.035l-.983-.13v3.9h.983zM5.12 8.558h-.683V5.205l.683.07zm10.452.244h1.287V4.95h-1.287zm.21-3.6h.845v3.356h-.846zm-1.523 3.6h1.252V4.95h-1.252zm.272-3.6h.777v3.356h-.777zm-7.05 3.6h2V5.035h-2zm.284-3.5H9.2v3.256H7.764zm-2.277 3.5h1.935V5.035H5.487zm.26-3.5h1.4v3.256h-1.4zM2.352 2.476h.318v6.548h-.318zm.376 6.548h.37l.03-5.917l-.387-.566zm.426 0h.832v-4.5l-.8-1.323Zm2.186-4.26L4.09 4.58v4.444h1.252zm-.024 4.1h-1.1v-4.03l1.1.145zm4.241-4.097H5.4v4.257h4.16zM9.542 8.86H5.43V4.98h4.113zm4.15.155l.33-.034V4.706l-.33.212zm3.281-4.333H14.11v4.3h2.863zm-.06 4.178h-2.71V4.891h2.71zM5.057 11.077l.356-.042a.13.13 0 0 0 .092-.06l.174-.3q-.235.042-.472.064l-.376.036a3 3 0 0 1-.287.012H4.31l.188.23a.13.13 0 0 0 .09.045zM4.7 10.67c0-.074-.04-.126-.076-.126s-.075.052-.075.126v.027h.148zm-.442-.115a.136.136 0 0 0 .2.12a.24.24 0 0 1 .06-.167a.135.135 0 0 0-.262.051zm.776.024a.15.15 0 0 0 .024.084l.141-.013l.145-.016a.2.2 0 0 0 .01-.055a.161.161 0 0 0-.32 0m.581.015a.14.14 0 0 0-.138-.124a.2.2 0 0 0-.055.012a.24.24 0 0 1 .02.1v.043zm-.684-.05a.09.09 0 0 0-.088.088a.1.1 0 0 0 .016.05l.107-.01a.2.2 0 0 1-.019-.093v-.033zm2.463.084v.16l.054.174a.084.084 0 0 0 .08.06l.3-.001a.08.08 0 0 0 .078-.052l.077-.192a.1.1 0 0 0 .006-.032v-.117a.084.084 0 0 0-.083-.084h-.428a.084.084 0 0 0-.084.084m8.724-.049v.308l.013.031a.034.034 0 0 0 .032.023h.338a.04.04 0 0 0 .033-.023v-.339a.035.035 0 0 0-.035-.035h-.34a.035.035 0 0 0-.04.035m.045-.122h.08v-.335h-.08zm.238 0h.092v-.385h-.092v.135zm-.1-.192h.042v.192h-.042zm-9.084-.116l.057.148l.131.177a.2.2 0 0 1 .068-.017l.038-.276l.134-.185l-.045-.061l-.01-.04l-.118-.047l-.148.093l.183.041l-.1.3zm.85-.202l-.024.372l-.072.15a.1.1 0 0 1 .042.021l.08-.164l.283-.24l-.1-.185zm-.41.444l-.02-.048l-.09.114h.067zm-.355-.31l-.04-.093l-.042-.01l-.072.08zm.476-.17l-.06.083l.095.124l-.035.045H7.8l.2-.316l-.256-.135l-.128.06l.022.082zm4.085.545h.115v.25h-.115zm.143-1.003a.7.7 0 0 0-.036-.255a.35.35 0 0 0-.075-.149a.17.17 0 0 0-.093-.06a.16.16 0 0 0-.105.019c-.043.025-.067.072-.084.168a1.5 1.5 0 0 0-.006.325h.058a1.4 1.4 0 0 1 .005-.309c.017-.094.037-.118.056-.129a.1.1 0 0 1 .065-.013a.12.12 0 0 1 .061.043a.3.3 0 0 1 .062.124a.7.7 0 0 1 .034.238a1 1 0 0 1-.072.3a.57.57 0 0 0-.054.291a2 2 0 0 1 .048.362h.058a2 2 0 0 0-.05-.375a.55.55 0 0 1 .052-.26a1 1 0 0 0 .076-.32m-.34.66l.073.076v-.077l-.074-.072v-.487h-.06v.054l-.019.973h-.033v.342h.16l.004-.337h-.052zM9.905 7.18h3.28v.132h-3.28Zm0-.273h3.28v.132h-3.28Zm0-.536h3.28v.357h-3.28zm1.635 3.51H9.833V6.245h3.45V9.88h-1.368l-.018.087h1.473V6.158H9.746v3.81h1.794zm-8.772.533l.1.554l.157-.059v-.544zm5.302.396l-.028.068h3.452v-.355h.035v-.179H8.158l-.022.02l-.078.172a.2.2 0 0 1 .027.093v.117a.2.2 0 0 1-.014.064m8.567.068v-.534h-.087v.124a.12.12 0 0 1 .074.112v.3zm-13.525 0h1.164l-.153-.187h.1a.22.22 0 0 1-.047-.136a.225.225 0 0 1 .152-.212H3.113zm2.26-.468a.2.2 0 0 1 .1-.026a.23.23 0 0 1 .224.195h.008l.141-.028l-.189.328h1.677l-.019-.063a.2.2 0 0 1-.008-.05v-.136a.17.17 0 0 1 .05-.12l-.12-.165H5.27a.24.24 0 0 1 .103.065m-.777.051h.028a.16.16 0 0 1 .144.112a.18.18 0 0 1 .163-.112a.2.2 0 0 1 .045.006a.25.25 0 0 1 .143-.12h-.653a.22.22 0 0 1 .13.114m11.51.007v-.124h-4.16v.055h.086v.366h-.23v-.366h.042v-.055h-.12v.184h.052v.35h4.26v-.3a.12.12 0 0 1 .07-.11M5.432 11.57v-.179l-2.762-.032l-.058-.248l.18-.078l-.104-.573l-.064-.238h-.35v1.597l2.81.028h.007v.189zm.125-.33H17.83v.13H5.558zm8.016 1.345l-.02-.02l-.128-.075l.567.3v-.544h-.979l-.2-.116h1.174v-.7H10.24v.7h-.116v-.7h-.275v.7h-.116v-.7H7.094v.7H4.767l-.009.006h-.006l.177-.228l-2.655-.026h.246v1.251h12.088zm-4.062-.738h-2.19a.073.073 0 0 1 0-.145h2.19a.073.073 0 1 1 0 .145m6.991-.818h-.338a.12.12 0 0 1-.087-.037L8 10.983l-.008.02a.17.17 0 0 1-.158.106h-.3a.17.17 0 0 1-.163-.12v-.007H5.606l-.02.035a.21.21 0 0 1-.156.1l-.36.047l-.48-.024a.21.21 0 0 1-.154-.077l-.078-.084h-1.25l-.419.205l.028.119l2.655.03l.12-.155h12.3l-.79-.181h-.415a.12.12 0 0 1-.084.032m-6.2.124l-.122-.117h3.12l.326.116zm-7.835 2.086h12.068v.268H2.468zm3.974.377H2.384v.036h3.884v1.17l.174-.004zM6.268 19h-.706l-.038.333h.896l-.152-.347zm-1.012 0h-.218l-.055.333h.235zm1.012-2.914h.174v2.29h-.174zm-3.884 3.247h2.29L4.73 19H2.384zm4.464-5.68h6.116v1.206a1.2 1.2 0 0 1 .591.224v-1.467h-6.91v1.2h.2zm5.087 5.68h.663L12.56 19h-.77zm-4.058 0L7.823 19h-.156l.04.333zM9.943 19h-1.81l.052.333h1.703zm-3.298-2.914h.203v2.293h-.203zm6.32.655l.417 2.592h.176v-3.209l-.594.005zm-6.117 1.943h-.203v.403l.108.246H7.4L7.361 19h-.513zm4.755.65L11.457 19h-.684l-.038.333zm1.361-.682V19h-.098l.04.333h.168zM10.466 19h-.215l-.055.333h.233zm-5.885.898l.074-.449h-2.27v.449zm7.405-.449l.032.073h.602l-.008-.073zm-7.096.449h.264l.051-.449h-.24zm1.581-.449h-.96l-.002.022h.972zm.332 0l.01.022h.602l-.002-.022zm.916 0l.003.022H7.9l-.003-.022zm-.255.449l-.014-.123H5.474l-.013.123zM2.058 2.035v20h20v-20zm19.783 13.262l-1.972-.662l.038-9.314l1.934-.459zm0-10.662l-1.933.458V3.904l1.928-.625zm0-1.585l-2.054.666l-16.182.065l.132.217l15.958-.063l-.043 10.666h-2.036v.218h2.126l2.1.708v6.292H2.275v-1.8h-.007v-6.084h.006v-.282h.11v-.038h-.11v-.109h.194v-.27h-.193v-.11h.246v-1.248h-.247V4.004h.02v-.218h-.02V2.252h19.567ZM9.795 19.897l.074-.449H8.204l.073.45zm-1.827 0l-.02-.123h-.19l.013.123zm2.135 0h.262l.051-.449h-.239zm1.551-.449h-.932l-.008.073h.972zm1.01.45l-.009-.073H10.68l-.008.072zm-7.078-7.78l.002-.694l1.014.003l-.002.694zm1.13.004l.003-.696h.26l-.001.696zm9.146.007H17.5v-.703h-3.39v.703h1.636zm-2.188 1.478h.32v1.261h-.32zm.435-.758l.558.295h-.029v.463h-.529v1.261h1.637v-2.623H14.11zm3.391 2.02v-2.624h-1.638v2.623h1.32zm-1.754.115h-2.072v.2a1 1 0 0 1 .09.105h3.3v-.3h-1.318zM3.108 9.082h-.217l.005 1.22l.083-.017v-.028h.134z\" fill=\"currentColor\"><\/path><\/svg><\/span><span class=\"gb-headline-text\">Nouveau plancher de vinyle Seulement 1,49$ \/pi\u00b2<\/span><\/h2>\n\n\n\n<p style=\"font-size:18px\">Votre Source de Bois Franc, Plancher Flottant, Vinyle, Carrelage et Plus \u00e0 Prix R\u00e9duits dans la R\u00e9gion de grande Montr\u00e9al. Reno Liquidation offre des rev\u00eatements de sol de haute qualit\u00e9 \u00e0 des prix imbattables. Que ce soit pour r\u00e9nover une cuisine, un salon, un sous-sol ou un espace commercial, nous avons des options adapt\u00e9es \u00e0 tous les styles et budgets. Adopt\u00e9 par les propri\u00e9taires, entrepreneurs et designers de Laval et Montr\u00e9al.<\/p>\n\n\n\n<a class=\"gb-button gb-button-560778e1\" href=\"#quote\"><span class=\"gb-button-text\">Obtenez un devis GRATUIT<\/span><span class=\"gb-icon\"><svg viewBox=\"0 0 32 32\" height=\"32\" width=\"32\" xmlns=\"http:\/\/www.w3.org\/2000\/svg\"><path d=\"M22 22v6H6V4h10V2H6a2 2 0 0 0-2 2v24a2 2 0 0 0 2 2h16a2 2 0 0 0 2-2v-6Z\" fill=\"currentColor\"><\/path><path d=\"m29.54 5.76l-3.3-3.3a1.6 1.6 0 0 0-2.24 0l-14 14V22h5.53l14-14a1.6 1.6 0 0 0 0-2.24ZM14.7 20H12v-2.7l9.44-9.45l2.71 2.71ZM25.56 9.15l-2.71-2.71l2.27-2.27l2.71 2.71Z\" fill=\"currentColor\"><\/path><\/svg><\/span><\/a>\n\n<\/div>\n\n<div class=\"gb-container gb-container-413cf434\">\n<div class=\"gb-container gb-container-f7868e05\" style=\"background-image: url(https:\/\/renoliquidation.com\/ontario\/wp-content\/uploads\/2025\/04\/vinyl-flooring-1-1.jpg);\"><\/div>\n<\/div>\n<\/section>\n\n<section class=\"gb-container gb-container-fd78568e\">\n<div class=\"gb-container gb-container-299bbdda\">\n\n<h2 class=\"gb-headline gb-headline-4d0b0e54\"><span class=\"gb-icon\"><svg viewBox=\"0 0 24 24\" height=\"24\" width=\"24\" xmlns=\"http:\/\/www.w3.org\/2000\/svg\"><path d=\"M9.2 8.25L11.85 3h.3l2.65 5.25H9.2Zm2.05 11.85L2.625 9.75h8.625V20.1Zm1.5 0V9.75h8.625L12.75 20.1Zm3.7-11.85L13.85 3H19l2.625 5.25H16.45Zm-14.075 0L5 3h5.15l-2.6 5.25H2.375Z\" fill=\"currentColor\"><\/path><\/svg><\/span><span class=\"gb-headline-text\"><strong>Pourquoi Nous Choisir pour les Planchers ?<\/strong><\/span><\/h2>\n\n\n\n<p style=\"font-size:18px\">Reno Liquidation est la destination de choix au Qu\u00e9bec pour des rev\u00eatements de sol de haute qualit\u00e9 \u00e0 des prix de liquidation incroyablement bas.&nbsp;<\/p>\n\n\n\n<ul class=\"wp-block-list\">\n<li style=\"font-size:18px\"><strong>\u00c9conomies Massives &#8211; Prix de Liquidation :<\/strong>&nbsp;Notre promesse principale ! Nous nous sp\u00e9cialisons dans l&#8217;approvisionnement de surplus de stock, de fins de ligne et d&#8217;achats de planchers en gros volumes, vous faisant profiter directement des \u00e9conomies incroyables. Obtenez le look que vous d\u00e9sirez pour beaucoup moins cher que chez les d\u00e9taillants traditionnels.<\/li>\n\n\n\n<li style=\"font-size:18px\"><strong>Vaste S\u00e9lection de Types de Planchers :<\/strong>&nbsp;D\u00e9couvrez une gamme diversifi\u00e9e de mat\u00e9riaux de rev\u00eatement de sol sous un m\u00eame toit. <strong>Plancher de Vinyle<\/strong>, <strong>Plancher de Bois Franc<\/strong>, <strong>Plancher Flottant<\/strong>, <strong>Carrelage<\/strong>, <strong>Bois d&#8217;Ing\u00e9nierie<\/strong>.<\/li>\n\n\n\n<li style=\"font-size:18px\"><strong>Vari\u00e9t\u00e9 de Styles et Finis :<\/strong>&nbsp;Des gris modernes et \u00e9pur\u00e9s aux larges planches rustiques et aux finis ch\u00eane classiques, trouvez la couleur, la texture et le style parfaits pour correspondre \u00e0 votre vision d\u00e9corative.<\/li>\n\n\n\n<li style=\"font-size:18px\"><strong>Qualit\u00e9 Fiable :<\/strong>&nbsp;Liquidation ne signifie pas compromettre la qualit\u00e9. Nous offrons des options de planchers durables et fiables, adapt\u00e9es \u00e0 la vie quotidienne.<\/li>\n\n\n\n<li style=\"font-size:18px\"><strong>En Stock et Pr\u00eat \u00e0 Emporter :<\/strong>&nbsp;Oubliez les longs d\u00e9lais d&#8217;attente ! Une grande partie de notre s\u00e9lection de planchers est en stock et disponible pour que vous puissiez l&#8217;emporter le jour m\u00eame. Parfait pour les projets urgents.<\/li>\n\n\n\n<li style=\"font-size:18px\"><strong>Conseils d&#8217;Experts Disponibles :<\/strong>&nbsp;Vous n&#8217;\u00eates pas s\u00fbr quel plancher convient le mieux \u00e0 vos besoins ? Notre \u00e9quipe comp\u00e9tente peut vous guider \u00e0 travers les options, expliquer les avantages de chaque type et vous aider \u00e0 calculer la quantit\u00e9 n\u00e9cessaire.<\/li>\n\n\n\n<li style=\"font-size:18px\"><strong>Au Service de la Communaut\u00e9 Qu\u00e9b\u00e9coise :<\/strong>&nbsp;Notre centre de liquidation est id\u00e9alement situ\u00e9 pour servir les clients de Laval, Montr\u00e9al, la Rive-Nord, la Rive-Sud et au-del\u00e0.<\/li>\n<\/ul>\n\n<\/div>\n<\/section>\n\n<section class=\"gb-container gb-container-ec78f0a8\">\n<div class=\"gb-container gb-container-ded62212\">\n\n<h2 class=\"gb-headline gb-headline-045bb2ac\"><span class=\"gb-icon\"><svg viewBox=\"0 0 36 36\" height=\"36\" width=\"36\" xmlns=\"http:\/\/www.w3.org\/2000\/svg\"><path class=\"clr-i-solid clr-i-solid-path-1\" d=\"M34.87 32.21L30 27.37V8.75l-2.3-4.23a2 2 0 0 0-3.54 0L22 8.76v10.65L3.71 1.21A1 1 0 0 0 2 1.92V10h2.17v1.6H2V18h2.17v1.6H2v6.65h2.17v1.6H2v5.07a1 1 0 0 0 1 1h31.16a1 1 0 0 0 .71-1.71M10 26v-9.06L19.07 26Zm18 2.11h-4v-2.43h4Zm0-4h-4V9.25l1.94-3.77L28 9.26Z\" fill=\"currentColor\"><\/path><path d=\"M0 0h36v36H0z\" fill=\"none\"><\/path><\/svg><\/span><span class=\"gb-headline-text\"><strong>Visitez Notre Centre de Liquidation de Planchers au Qu\u00e9bec D\u00e8s Aujourd&#8217;hui<\/strong><\/span><\/h2>\n\n\n<div class=\"gb-grid-wrapper gb-grid-wrapper-e848adc2\">\n<div class=\"gb-grid-column gb-grid-column-1affe92f\"><div class=\"gb-container gb-container-1affe92f\"><div class=\"gb-inside-container\">\n\n<p class=\"gb-headline gb-headline-206e7ed7\"><span class=\"gb-icon\"><svg aria-hidden=\"true\" role=\"img\" height=\"1em\" width=\"1em\" viewBox=\"0 0 512 512\" xmlns=\"http:\/\/www.w3.org\/2000\/svg\"><path fill=\"currentColor\" d=\"M256 8C119.033 8 8 119.033 8 256s111.033 248 248 248 248-111.033 248-248S392.967 8 256 8zm80 248c0 44.112-35.888 80-80 80s-80-35.888-80-80 35.888-80 80-80 80 35.888 80 80z\"><\/path><\/svg><\/span><span class=\"gb-headline-text\"><strong>Vinyle (LVP\/LVT)<\/strong><\/span><\/p>\n\n\n\n<p class=\"gb-headline gb-headline-947bee19\"><span class=\"gb-icon\"><svg aria-hidden=\"true\" role=\"img\" height=\"1em\" width=\"1em\" viewBox=\"0 0 512 512\" xmlns=\"http:\/\/www.w3.org\/2000\/svg\"><path fill=\"currentColor\" d=\"M256 8C119.033 8 8 119.033 8 256s111.033 248 248 248 248-111.033 248-248S392.967 8 256 8zm80 248c0 44.112-35.888 80-80 80s-80-35.888-80-80 35.888-80 80-80 80 35.888 80 80z\"><\/path><\/svg><\/span><span class=\"gb-headline-text\"><strong>Plancher Flottant (Stratifi\u00e9)<\/strong><\/span><\/p>\n\n<\/div><\/div><\/div>\n\n<div class=\"gb-grid-column gb-grid-column-8487ff28\"><div class=\"gb-container gb-container-8487ff28\"><div class=\"gb-inside-container\">\n\n<p class=\"gb-headline gb-headline-293a4d1b\"><span class=\"gb-icon\"><svg aria-hidden=\"true\" role=\"img\" height=\"1em\" width=\"1em\" viewBox=\"0 0 512 512\" xmlns=\"http:\/\/www.w3.org\/2000\/svg\"><path fill=\"currentColor\" d=\"M256 8C119.033 8 8 119.033 8 256s111.033 248 248 248 248-111.033 248-248S392.967 8 256 8zm80 248c0 44.112-35.888 80-80 80s-80-35.888-80-80 35.888-80 80-80 80 35.888 80 80z\"><\/path><\/svg><\/span><span class=\"gb-headline-text\"><strong>Bois Franc<\/strong><\/span><\/p>\n\n\n\n<p class=\"gb-headline gb-headline-4fbbd25f\"><span class=\"gb-icon\"><svg aria-hidden=\"true\" role=\"img\" height=\"1em\" width=\"1em\" viewBox=\"0 0 512 512\" xmlns=\"http:\/\/www.w3.org\/2000\/svg\"><path fill=\"currentColor\" d=\"M256 8C119.033 8 8 119.033 8 256s111.033 248 248 248 248-111.033 248-248S392.967 8 256 8zm80 248c0 44.112-35.888 80-80 80s-80-35.888-80-80 35.888-80 80-80 80 35.888 80 80z\"><\/path><\/svg><\/span><span class=\"gb-headline-text\"><strong>Carrelage<\/strong><\/span><\/p>\n\n<\/div><\/div><\/div>\n<\/div>\n\n\n<a class=\"gb-button gb-button-74f8d44a\" href=\"#quote\"><span class=\"gb-button-text\">Obtenez un devis GRATUIT<\/span><span class=\"gb-icon\"><svg xmlns=\"http:\/\/www.w3.org\/2000\/svg\" width=\"36\" height=\"36\" viewBox=\"0 0 36 36\"><path fill=\"currentColor\" d=\"M34.87 32.21L30 27.37V8.75l-2.3-4.23a2 2 0 0 0-3.54 0L22 8.76v10.65L3.71 1.21A1 1 0 0 0 2 1.92V10h2.17v1.6H2V18h2.17v1.6H2v6.65h2.17v1.6H2v5.07a1 1 0 0 0 1 1h31.16a1 1 0 0 0 .71-1.71M10 26v-9.06L19.07 26Zm18 2.11h-4v-2.43h4Zm0-4h-4V9.25l1.94-3.77L28 9.26Z\" class=\"clr-i-solid clr-i-solid-path-1\"><\/path><path fill=\"none\" d=\"M0 0h36v36H0z\"><\/path><\/svg><\/span><\/a>\n\n<\/div>\n\n<div class=\"gb-container gb-container-1ef9e905\">\n<div class=\"gb-container gb-container-cfa73122\" style=\"background-image: url(https:\/\/renoliquidation.com\/ontario\/wp-content\/uploads\/2025\/04\/vinyl-flooring-2-1.jpg);\"><\/div>\n<\/div>\n<\/section>","protected":false},"excerpt":{"rendered":"<p>Nouveau plancher de vinyle Seulement 1,49$ \/pi\u00b2 Votre Source de Bois Franc, Plancher Flottant, Vinyle, &#8230; <a title=\"Planchers\" class=\"read-more\" href=\"https:\/\/renoliquidation.com\/ontario\/fr\/planchers\/\" aria-label=\"Read more about Planchers\">Read more<\/a><\/p>\n","protected":false},"author":1,"featured_media":0,"parent":0,"menu_order":0,"comment_status":"closed","ping_status":"closed","template":"","meta":{"footnotes":""},"class_list":["post-3386","page","type-page","status-publish"],"lang":"fr","translations":{"fr":3386,"en":3374},"pll_sync_post":[],"_links":{"self":[{"href":"https:\/\/renoliquidation.com\/ontario\/wp-json\/wp\/v2\/pages\/3386","targetHints":{"allow":["GET"]}}],"collection":[{"href":"https:\/\/renoliquidation.com\/ontario\/wp-json\/wp\/v2\/pages"}],"about":[{"href":"https:\/\/renoliquidation.com\/ontario\/wp-json\/wp\/v2\/types\/page"}],"author":[{"embeddable":true,"href":"https:\/\/renoliquidation.com\/ontario\/wp-json\/wp\/v2\/users\/1"}],"replies":[{"embeddable":true,"href":"https:\/\/renoliquidation.com\/ontario\/wp-json\/wp\/v2\/comments?post=3386"}],"version-history":[{"count":2,"href":"https:\/\/renoliquidation.com\/ontario\/wp-json\/wp\/v2\/pages\/3386\/revisions"}],"predecessor-version":[{"id":3487,"href":"https:\/\/renoliquidation.com\/ontario\/wp-json\/wp\/v2\/pages\/3386\/revisions\/3487"}],"wp:attachment":[{"href":"https:\/\/renoliquidation.com\/ontario\/wp-json\/wp\/v2\/media?parent=3386"}],"curies":[{"name":"wp","href":"https:\/\/api.w.org\/{rel}","templated":true}]}}