{"id":3420,"date":"2025-02-03T02:25:48","date_gmt":"2025-02-03T02:25:48","guid":{"rendered":"https:\/\/renoliquidation.com\/quebec\/?page_id=3420"},"modified":"2025-02-03T02:25:50","modified_gmt":"2025-02-03T02:25:50","slug":"politique-de-confidentialite","status":"publish","type":"page","link":"https:\/\/renoliquidation.com\/quebec\/politique-de-confidentialite\/","title":{"rendered":"Politique de confidentialit\u00e9"},"content":{"rendered":"\n<p>politique de confidentialit\u00e9<br>Politique de confidentialit\u00e9 de RENO Liquidation INC.<br>Cette politique de confidentialit\u00e9 d\u00e9crit comment vos renseignements personnels sont recueillis, utilis\u00e9s et partag\u00e9s lorsque vous visitez ou effectuez un achat sur https:\/\/renoliquidation.com\/ (le \u00ab Site \u00bb).<\/p>\n\n\n\n<p>RENSEIGNEMENTS PERSONNELS QUE NOUS COLLECTONS<br>Lorsque vous visitez le Site, nous recueillons automatiquement certaines informations sur votre appareil, notamment des informations sur votre navigateur Web, votre adresse IP, votre fuseau horaire et certains des t\u00e9moins install\u00e9s sur votre appareil. De plus, lorsque vous naviguez sur le Site, nous collectons des informations sur les pages Web ou les produits individuels que vous consultez, les sites Web ou les termes de recherche qui vous ont renvoy\u00e9 vers le Site et des informations sur la mani\u00e8re dont vous interagissez avec le Site. Nous appelons ces renseignements recueillis automatiquement \u00ab Renseignements sur l\u2019appareil \u00bb.<\/p>\n\n\n\n<p>Nous recueillons des renseignements sur les appareils \u00e0 l&#8217;aide des technologies suivantes&nbsp;:<\/p>\n\n\n\n<p>Les \u00ab t\u00e9moins \u00bb sont des fichiers de donn\u00e9es qui sont plac\u00e9s sur votre appareil ou votre ordinateur et comprennent souvent un identifiant unique anonyme. Pour plus d&#8217;informations sur les t\u00e9moins et comment les d\u00e9sactiver, visitez http:\/\/www.allaboutcookies.org.<br>Les \u00ab fichiers journaux \u00bb suivent les actions se produisant sur le site et recueillent des donn\u00e9es, notamment votre adresse IP, le type de navigateur, le fournisseur de services Internet, les pages de renvoi\/de sortie et les horodatages.<br>Les \u00ab balises Web \u00bb, les \u00ab tags \u00bb et les \u00ab pixels \u00bb sont des fichiers \u00e9lectroniques utilis\u00e9s pour enregistrer des informations sur la fa\u00e7on dont vous naviguez sur le Site.<br>De plus, lorsque vous effectuez un achat ou tentez d&#8217;effectuer un achat via le Site, nous recueillons certaines informations vous concernant, notamment votre nom, votre adresse de facturation, votre adresse de livraison, vos informations de paiement (y compris les num\u00e9ros de carte de cr\u00e9dit), votre adresse courriel et votre num\u00e9ro de t\u00e9l\u00e9phone. Nous appelons ces renseignements \u00ab renseignements sur les commandes \u00bb.<\/p>\n\n\n\n<p>Lorsque nous parlons de \u00ab Renseignements personnels \u00bb dans la pr\u00e9sente politique de confidentialit\u00e9, nous parlons \u00e0 la fois d\u2019Informations sur l\u2019appareil et d\u2019Informations sur la commande.<\/p>\n\n\n\n<p>COMMENT UTILISONS-NOUS VOS RENSEIGNEMENTS PERSONNELS ?<br>Nous utilisons les informations de commande que nous recueillons g\u00e9n\u00e9ralement pour ex\u00e9cuter toutes les commandes pass\u00e9es par le biais du site (y compris le traitement de vos informations de paiement, l&#8217;organisation de l&#8217;exp\u00e9dition et la fourniture de factures et\/ou de confirmations de commande) . De plus, on utilise ces informations de commande pour&nbsp;:<\/p>\n\n\n\n<p>Communiquer avec vous ;<\/p>\n\n\n\n<p>Filtrer nos commandes pour d\u00e9tecter tout risque potentiel ou fraude&nbsp;; et<\/p>\n\n\n\n<p>Lorsque cela correspond aux pr\u00e9f\u00e9rences que vous avez partag\u00e9es avec nous, vous fournir des informations ou des publicit\u00e9s concernant nos produits ou services.<\/p>\n\n\n\n<p>Nous utilisons les renseignements sur les appareils que nous recueillons pour nous aider \u00e0 d\u00e9tecter les risques potentiels et les fraudes (en particulier, votre adresse IP) et, plus g\u00e9n\u00e9ralement, pour am\u00e9liorer et optimiser notre site (par exemple, en g\u00e9n\u00e9rant des analyses sur la fa\u00e7on dont nos clients naviguent et interagissent avec le Site et pour \u00e9valuer le succ\u00e8s de nos campagnes de marketing et de publicit\u00e9).<\/p>\n\n\n\n<p>PARTAGE DE VOS RENSEIGNEMENTS PERSONNELS<br>Nous partageons vos renseignements personnels avec des tiers pour nous aider \u00e0 utiliser vos renseignements personnels, tel que d\u00e9crit ci-dessus. Par exemple, on utilise WordPress pour alimenter notre boutique en ligne. Nous utilisons aussi Google Analytics pour nous aider \u00e0 comprendre comment nos clients utilisent le Site. \/. Vous pouvez \u00e9galement vous d\u00e9sabonner de Google Analytics ici : https:\/\/tools.google.com\/dlpage\/gaoptout.<\/p>\n\n\n\n<p>Enfin, nous pouvons \u00e9galement partager vos renseignements personnels pour nous conformer aux lois et r\u00e8glements applicables, pour r\u00e9pondre \u00e0 une assignation \u00e0 compara\u00eetre, \u00e0 un mandat de perquisition ou \u00e0 toute autre demande l\u00e9gale de renseignements que nous recevons, ou pour prot\u00e9ger nos droits.<\/p>\n\n\n\n<p>PUBLICIT\u00c9 COMPORTEMENTALE<br>Comme d\u00e9crit ci-dessus, nous utilisons vos renseignements personnels pour vous fournir des publicit\u00e9s cibl\u00e9es ou des communications marketing qui, selon nous, pourraient vous int\u00e9resser. Pour plus d&#8217;informations sur le fonctionnement de la publicit\u00e9 cibl\u00e9e, vous pouvez consulter la page \u00e9ducative de la Network Advertising Initiative (\u00ab NAI \u00bb) \u00e0 l&#8217;adresse http:\/\/www.networkadvertising.org\/understanding-online-advertising\/how -does-it-work.<\/p>\n\n\n\n<p>Vous pouvez d\u00e9sactiver la publicit\u00e9 cibl\u00e9e en :<\/p>\n\n\n\n<p>FACEBOOK \u2013 https:\/\/www.facebook.com\/settings\/?tab=ads<\/p>\n\n\n\n<p>GOOGLE \u2013 https:\/\/www.google.com\/settings\/ads\/anonymous<\/p>\n\n\n\n<p>BING \u2013 https:\/\/advertise.bingads.microsoft.com\/fr-ca\/resources\/policies\/publicites-personnalisees<\/p>\n\n\n\n<p>De plus, vous pouvez refuser certains de ces services en visitant le portail de d\u00e9sinscription de la Digital Advertising Alliance \u00e0 l&#8217;adresse suivante&nbsp;: http:\/\/optout.aboutads.info\/.<\/p>\n\n\n\n<p>NE PAS SUIVRE<br>Veuillez noter que nous ne modifions pas les pratiques de collecte et d&#8217;utilisation des donn\u00e9es de notre site lorsque nous voyons un signal \u00ab Ne pas suivre \u00bb de votre navigateur.<\/p>\n\n\n\n<p>VOS DROITS<br>Si vous \u00eates un r\u00e9sident europ\u00e9en, vous avez le droit d&#8217;acc\u00e9der aux informations personnelles que nous d\u00e9tenons \u00e0 votre sujet et de demander que vos informations personnelles soient corrig\u00e9es, mises \u00e0 jour ou supprim\u00e9es. Si vous souhaitez exercer ce droit, veuillez communiquer avec nous aux coordonn\u00e9es ci-dessous.<\/p>\n\n\n\n<p>De plus, si vous \u00eates un r\u00e9sident europ\u00e9en, nous notons que nous traitons vos renseignements afin de remplir les contrats que nous pourrions avoir avec vous (par exemple si vous passez une commande via le site), ou sinon pour poursuivre nos int\u00e9r\u00eats commerciaux l\u00e9gitimes \u00e9num\u00e9r\u00e9s ci-dessus. De plus, veuillez noter que vos renseignements seront transf\u00e9r\u00e9s \u00e0 l\u2019ext\u00e9rieur de l\u2019Europe, notamment au Canada et aux \u00c9tats-Unis.<\/p>\n\n\n\n<p>CONSERVATION DES DONN\u00c9ES<br>Lorsque vous passez une commande via le site, nous conserverons vos informations de commande dans nos archives, \u00e0 moins que et jusqu&#8217;\u00e0 ce que vous nous demandiez de supprimer ces informations.<\/p>\n\n\n\n<p>CHANGEMENTS<br>Nous pouvons mettre \u00e0 jour cette politique de confidentialit\u00e9 de temps \u00e0 autre afin de refl\u00e9ter, par exemple, des changements dans nos pratiques ou pour d&#8217;autres raisons op\u00e9rationnelles, juridiques ou r\u00e9glementaires.<\/p>\n\n\n\n<p>CONTACTEZ-NOUS<br>Si vous avez des questions sur cette politique de confidentialit\u00e9, vous pouvez nous contacter :<\/p>\n\n\n\n<p>Par la poste : 6175 Boul M\u00e9tropolitain E Saint-L\u00e9onard, QC, Canada H1P 1X7<\/p>\n\n\n\n<p>Par courriel : info.qc@renoliquidation.com<\/p>\n\n\n\n<p>En visitant cette page sur notre site Web : https:\/\/renoliquidation.com\/quebec\/contactez-nous\/<\/p>\n\n\n\n<p>Par t\u00e9l\u00e9phone : 438-282-8866<\/p>\n","protected":false},"excerpt":{"rendered":"<p>politique de confidentialit\u00e9Politique de confidentialit\u00e9 de RENO Liquidation INC.Cette politique de confidentialit\u00e9 d\u00e9crit comment vos &#8230; <a title=\"Politique de confidentialit\u00e9\" class=\"read-more\" href=\"https:\/\/renoliquidation.com\/quebec\/politique-de-confidentialite\/\" aria-label=\"Read more about Politique de confidentialit\u00e9\">Read more<\/a><\/p>\n","protected":false},"author":1,"featured_media":0,"parent":0,"menu_order":0,"comment_status":"closed","ping_status":"closed","template":"","meta":{"_seopress_robots_primary_cat":"","_seopress_titles_title":"","_seopress_titles_desc":"","_seopress_robots_index":"","footnotes":""},"class_list":["post-3420","page","type-page","status-publish"],"lang":"fr","translations":{"fr":3420,"en":3418},"pll_sync_post":[],"_links":{"self":[{"href":"https:\/\/renoliquidation.com\/quebec\/wp-json\/wp\/v2\/pages\/3420","targetHints":{"allow":["GET"]}}],"collection":[{"href":"https:\/\/renoliquidation.com\/quebec\/wp-json\/wp\/v2\/pages"}],"about":[{"href":"https:\/\/renoliquidation.com\/quebec\/wp-json\/wp\/v2\/types\/page"}],"author":[{"embeddable":true,"href":"https:\/\/renoliquidation.com\/quebec\/wp-json\/wp\/v2\/users\/1"}],"replies":[{"embeddable":true,"href":"https:\/\/renoliquidation.com\/quebec\/wp-json\/wp\/v2\/comments?post=3420"}],"version-history":[{"count":1,"href":"https:\/\/renoliquidation.com\/quebec\/wp-json\/wp\/v2\/pages\/3420\/revisions"}],"predecessor-version":[{"id":3421,"href":"https:\/\/renoliquidation.com\/quebec\/wp-json\/wp\/v2\/pages\/3420\/revisions\/3421"}],"wp:attachment":[{"href":"https:\/\/renoliquidation.com\/quebec\/wp-json\/wp\/v2\/media?parent=3420"}],"curies":[{"name":"wp","href":"https:\/\/api.w.org\/{rel}","templated":true}]}}